{"id":109,"date":"2018-01-07T22:27:59","date_gmt":"2018-01-07T21:27:59","guid":{"rendered":"http:\/\/stbesancon.fr\/?page_id=109"},"modified":"2023-08-27T22:16:04","modified_gmt":"2023-08-27T20:16:04","slug":"one-page-express","status":"publish","type":"page","link":"https:\/\/stbesancon.fr\/","title":{"rendered":"STB"},"content":{"rendered":"<div  data-label=\"Overlapable\" data-id=\"stripped-features-image-cards-section\" data-category=\"overlapable\" data-=\"\" class=\"features-image-cards-section stripped-features-image-cards-section\" data-overlap=\"true\" id=\"overlapable-3\" style=\"background-color: #f6f6f6;\">\n<div  class=\"gridContainer\">\n<div  class=\"features-image-cards-innerrow flexbox-list\" data-type=\"row\">\n<div  class=\"features-image-cards-cardcol cp4cols cp6cols-tablet\">\n<div  class=\"features-image-cards-cardrow\">\n\n<img  class=\"features-image-cards-featimg\" src=\"https:\/\/stbesancon.fr\/wp-content\/uploads\/2018\/01\/THUMB02.jpg\">\n<div  class=\"features-image-cards-cardtextrow\" data-type=\"column\">\n<h4  class=\"\">Les Disciplines de la STB<\/h4>\n<p  class=\"\">D\u00e9couvrez les diff\u00e9rentes disciplines de tir sportif pratiqu\u00e9es au sein de la STB<\/p>\n\n\n<hr  class=\"features-image-cards-separator\">\n\n<a href=\"#\" class=\"\" target=\"_self\" data-reiki-hidden=\"true\" rel=\"noopener noreferrer\"><i  class=\"font-icon-22 fa fa-arrow-circle-right\" data-cp-fa=\"true\"><\/i>&nbsp;learn more<\/a> <a class=\"button blue\" href=\"https:\/\/stbesancon.fr?page_id=166\" target=\"_self\" rel=\"noopener noreferrer\">En savoir plus<\/a>\n\n<\/div>\n<\/div>\n<\/div>\n<div  class=\"features-image-cards-cardcol cp4cols cp6cols-tablet\">\n<div  class=\"features-image-cards-cardrow\">\n\n<img  class=\"features-image-cards-featimg\" src=\"https:\/\/stbesancon.fr\/wp-content\/uploads\/2018\/01\/THUMB01.jpg\">\n<div  class=\"features-image-cards-cardtextrow\" data-type=\"column\">\n<h4  class=\"\">Ecole de Tir<\/h4>\n<p  class=\"\">Une formation&nbsp; adapt\u00e9e aux jeunes tireurs \u00e0 partir de l\u2019\u00e2ge de&nbsp; 9 ans<\/p>\n\n\n<hr  class=\"features-image-cards-separator\">\n\n<a class=\"button blue\" href=\"https:\/\/stbesancon.fr?page_id=173\" target=\"_self\" rel=\"noopener noreferrer\">EN SAVOIR PLUS<\/a>\n\n<\/div>\n<\/div>\n<\/div>\n<div  class=\"features-image-cards-cardcol cp4cols cp6cols-tablet\">\n<div  class=\"features-image-cards-cardrow\">\n\n<img  class=\"features-image-cards-featimg\" src=\"https:\/\/stbesancon.fr\/wp-content\/uploads\/2018\/01\/THUMB03.jpg\">\n<div  class=\"features-image-cards-cardtextrow\" data-type=\"column\">\n<h4  class=\"\">Adh\u00e9rer \u00e0 la STB<\/h4>\n<p  class=\"\">Toutes les informations n\u00e9c\u00e9ssaires pour&nbsp; adh\u00e9rer \u00e0 la Soci\u00e9t\u00e9 de Tir de Besan\u00e7on<\/p>\n\n\n<hr  class=\"features-image-cards-separator\">\n\n<a class=\"button blue\" href=\"https:\/\/stbesancon.fr?page_id=72\" target=\"_self\" rel=\"noopener noreferrer\">EN SAVOIR PLUS<\/a>\n\n<\/div>\n<\/div>\n<\/div>\n<\/div>\n<\/div>\n<\/div><div  id=\"cta-1\" data-label=\"Call to action\" data-id=\"cta-blue-section\" data-category=\"cta\" class=\"cta-blue-section\">\n<div  class=\"gridContainer\">\n<div  class=\"flexbox-list flexbox-list-align-center row\">\n<div  class=\"cta-blue-textcol dynamic-color\">\n<h2  class=\"cta-blue-text\"><b  class=\"element2\"> Vous&nbsp;<\/b>&nbsp;voulez d\u00e9couvrir le Tir Sportif ?<\/h2>\n<\/div>\n<div  class=\"cta-blue-btncol\"><a class=\"button big yellow dark-text\" href=\"https:\/\/stbesancon.fr?page_id=253\" target=\"_self\" rel=\"noopener noreferrer\"> R\u00e9servez votre s\u00e9ance d\u2019essai <\/a><\/div>\n<\/div>\n<\/div>\n<\/div><div  id=\"latest-posts\" style=\"background-color: #ffffff;\" data-label=\"Latest posts\" data-id=\"blog-section\" data-category=\"latest_news\" class=\"blog-section\">\n<div  class=\"gridContainer\">\n<div  class=\"blog-textrow\">\n<div  class=\"blog-textcol dynamic-color\" data-type=\"column\">\n<h2  class=\"\">Actualit\u00e9s du club<\/h2>\n<\/div>\n<\/div>\n<div  class=\"blog-postsrow dark-text\" data-type=\"row\" data-dynamic-columns=\"one_page_express_latest_news_columns\" data-content-shortcode=\"one_page_express_latest_news\">\t\t\t<div id=\"post-381\" class=\"blog-postcol cp4cols\">\n\t\t\t<div class=\"post-content\">\n\t\t\t\t\t\t\t\t\t<a class=\"post-list-item-thumb\" href=\"https:\/\/stbesancon.fr\/?p=381\">\n\t\t\t\t\t\t<img width=\"1024\" height=\"683\" src=\"https:\/\/stbesancon.fr\/wp-content\/uploads\/2020\/09\/CDF-2025-CNTS-1024x683.jpg\" class=\"attachment-post-thumbnail size-post-thumbnail wp-post-image\" alt=\"Championnats de France 10\/18m 2026\" loading=\"lazy\" srcset=\"https:\/\/stbesancon.fr\/wp-content\/uploads\/2020\/09\/CDF-2025-CNTS-1024x683.jpg 1024w, https:\/\/stbesancon.fr\/wp-content\/uploads\/2020\/09\/CDF-2025-CNTS-300x200.jpg 300w, https:\/\/stbesancon.fr\/wp-content\/uploads\/2020\/09\/CDF-2025-CNTS-768x512.jpg 768w, https:\/\/stbesancon.fr\/wp-content\/uploads\/2020\/09\/CDF-2025-CNTS-1536x1024.jpg 1536w, https:\/\/stbesancon.fr\/wp-content\/uploads\/2020\/09\/CDF-2025-CNTS-1620x1080.jpg 1620w, https:\/\/stbesancon.fr\/wp-content\/uploads\/2020\/09\/CDF-2025-CNTS.jpg 2048w\" sizes=\"(max-width: 1024px) 100vw, 1024px\" \/>\t\t\t\t\t<\/a>\n\t\t\t\t\t\t\t\t<div class=\"row_345\">\n\t\t\t\t\t<h3 class=\"blog-title\">\n\t\t\t\t\t\t<a href=\"https:\/\/stbesancon.fr\/?p=381\" rel=\"bookmark\">\n\t\t\t\t\t\t\tLa STB accueille et organise les prochains Championnats de France 10\/18m en 2026 !\t\t\t\t\t\t<\/a>\n\t\t\t\t\t<\/h3>\n\t\t\t\t\t<p>La F\u00e9d\u00e9ration fran\u00e7aise de Tir vient de confier \u00e0 la STB l&rsquo;organisation des prochains Championnats de France 10\/18m. Ils se tiendront du 26 au 31 janvier 2026 \u00e0 Besan\u00e7on Micropolis.[&hellip;]<\/p>\n\t\t\t\t\t<a class=\"button blue small\" href=\"https:\/\/stbesancon.fr\/?p=381\">\n\t\t\t\t\t\t<span data-theme=\"one_page_express_latest_news_read_more\">Read more<\/span>\n\t\t\t\t\t<\/a>\n\t\t\t\t\t<hr class=\"blog-separator\">\n<div class=\"post-header\">\n    <i class=\"font-icon-post fa fa-user\"><\/i>\n    <a href=\"https:\/\/stbesancon.fr\/?author=1\" title=\"Articles par STB\" rel=\"author\">STB<\/a>    <i class=\"font-icon-post fa fa-calendar\"><\/i>\n    <span class=\"span12\">20 f\u00e9vrier 2025<\/span>\n\n    <i class=\"font-icon-post fa fa-comment-o\"><\/i>\n    <span>0<\/span>\n<\/div>\t\t\t\t<\/div>\n\t\t\t<\/div>\n\t\t<\/div>\n\t\t\t\t<div id=\"post-2136\" class=\"blog-postcol cp4cols\">\n\t\t\t<div class=\"post-content\">\n\t\t\t\t\t\t\t\t\t<a class=\"post-list-item-thumb\" href=\"https:\/\/stbesancon.fr\/?p=2136\">\n\t\t\t\t\t\t<img width=\"1024\" height=\"514\" src=\"https:\/\/stbesancon.fr\/wp-content\/uploads\/2025\/01\/SITDI-1024x514-1.png\" class=\"attachment-post-thumbnail size-post-thumbnail wp-post-image\" alt=\"SITDI France\" loading=\"lazy\" srcset=\"https:\/\/stbesancon.fr\/wp-content\/uploads\/2025\/01\/SITDI-1024x514-1.png 1024w, https:\/\/stbesancon.fr\/wp-content\/uploads\/2025\/01\/SITDI-1024x514-1-300x151.png 300w, https:\/\/stbesancon.fr\/wp-content\/uploads\/2025\/01\/SITDI-1024x514-1-768x386.png 768w\" sizes=\"(max-width: 1024px) 100vw, 1024px\" \/>\t\t\t\t\t<\/a>\n\t\t\t\t\t\t\t\t<div class=\"row_345\">\n\t\t\t\t\t<h3 class=\"blog-title\">\n\t\t\t\t\t\t<a href=\"https:\/\/stbesancon.fr\/?p=2136\" rel=\"bookmark\">\n\t\t\t\t\t\t\tZoom sur notre sponsor SITDI France\t\t\t\t\t\t<\/a>\n\t\t\t\t\t<\/h3>\n\t\t\t\t\t<p>SITDI-France est une soci\u00e9t\u00e9 innovante sp\u00e9cialis\u00e9e dans la gestion et l\u2019exploitation des donn\u00e9es g\u00e9ographiques et territoriales. Forte d\u2019une expertise reconnue et d\u2019un savoir-faire technologique, elle accompagne collectivit\u00e9s, entreprises et particuliers[&hellip;]<\/p>\n\t\t\t\t\t<a class=\"button blue small\" href=\"https:\/\/stbesancon.fr\/?p=2136\">\n\t\t\t\t\t\t<span data-theme=\"one_page_express_latest_news_read_more\">Read more<\/span>\n\t\t\t\t\t<\/a>\n\t\t\t\t\t<hr class=\"blog-separator\">\n<div class=\"post-header\">\n    <i class=\"font-icon-post fa fa-user\"><\/i>\n    <a href=\"https:\/\/stbesancon.fr\/?author=1\" title=\"Articles par STB\" rel=\"author\">STB<\/a>    <i class=\"font-icon-post fa fa-calendar\"><\/i>\n    <span class=\"span12\">29 janvier 2025<\/span>\n\n    <i class=\"font-icon-post fa fa-comment-o\"><\/i>\n    <span>0<\/span>\n<\/div>\t\t\t\t<\/div>\n\t\t\t<\/div>\n\t\t<\/div>\n\t\t\t\t<div id=\"post-554\" class=\"blog-postcol cp4cols\">\n\t\t\t<div class=\"post-content\">\n\t\t\t\t\t\t\t\t\t<a class=\"post-list-item-thumb\" href=\"https:\/\/stbesancon.fr\/?p=554\">\n\t\t\t\t\t\t<img width=\"600\" height=\"600\" src=\"https:\/\/stbesancon.fr\/wp-content\/uploads\/2019\/04\/45_185gr_swc_lead_reloading_bullets_closeup.jpg\" class=\"attachment-post-thumbnail size-post-thumbnail wp-post-image\" alt=\"\" loading=\"lazy\" srcset=\"https:\/\/stbesancon.fr\/wp-content\/uploads\/2019\/04\/45_185gr_swc_lead_reloading_bullets_closeup.jpg 600w, https:\/\/stbesancon.fr\/wp-content\/uploads\/2019\/04\/45_185gr_swc_lead_reloading_bullets_closeup-150x150.jpg 150w, https:\/\/stbesancon.fr\/wp-content\/uploads\/2019\/04\/45_185gr_swc_lead_reloading_bullets_closeup-300x300.jpg 300w\" sizes=\"(max-width: 600px) 100vw, 600px\" \/>\t\t\t\t\t<\/a>\n\t\t\t\t\t\t\t\t<div class=\"row_345\">\n\t\t\t\t\t<h3 class=\"blog-title\">\n\t\t\t\t\t\t<a href=\"https:\/\/stbesancon.fr\/?p=554\" rel=\"bookmark\">\n\t\t\t\t\t\t\tPr\u00e9vention de l&rsquo;exposition au plomb pour les tireurs sportifs\t\t\t\t\t\t<\/a>\n\t\t\t\t\t<\/h3>\n\t\t\t\t\t<p>Tous les tireurs sont concern\u00e9s par le risque d&rsquo;intoxication au plomb (saturnisme). Le plomb pr\u00e9sente de graves danger pour votre sant\u00e9 et des r\u00e8gles d&rsquo;hygi\u00e8ne strictes doivent \u00eatre appliqu\u00e9es afin[&hellip;]<\/p>\n\t\t\t\t\t<a class=\"button blue small\" href=\"https:\/\/stbesancon.fr\/?p=554\">\n\t\t\t\t\t\t<span data-theme=\"one_page_express_latest_news_read_more\">Read more<\/span>\n\t\t\t\t\t<\/a>\n\t\t\t\t\t<hr class=\"blog-separator\">\n<div class=\"post-header\">\n    <i class=\"font-icon-post fa fa-user\"><\/i>\n    <a href=\"https:\/\/stbesancon.fr\/?author=1\" title=\"Articles par STB\" rel=\"author\">STB<\/a>    <i class=\"font-icon-post fa fa-calendar\"><\/i>\n    <span class=\"span12\">9 octobre 2024<\/span>\n\n    <i class=\"font-icon-post fa fa-comment-o\"><\/i>\n    <span>0<\/span>\n<\/div>\t\t\t\t<\/div>\n\t\t\t<\/div>\n\t\t<\/div>\n\t\t<\/div>\n<div  class=\"blog-textcol\"><a class=\"button blue\" data-attr-shortcode=\"href:one_page_express_blog_link\" href=\"https:\/\/stbesancon.fr\/?page_id=17\" target=\"_self\" rel=\"noopener noreferrer\">VOIR TOUT<\/a><\/div>\n<\/div>\n<\/div><div  data-label=\"Clients\" data-id=\"clients-strip-section\" data-category=\"clients\" class=\"clients-strip-section\" id=\"clients-2\" style=\"background-color: #f6f6f6;\">\n<div  class=\"row_187 gridContainer\" data-type=\"row\" data-add-content=\"false\">\n<div  class=\"clients-strip-itemcol cp3cols\">\n<div  class=\"middle_align1\"><a href=\"http:\/\/www.fftir.org\" target=\"_self\" class=\"\" rel=\"noopener noreferrer\"><img  class=\"clients-strip-itemimg\" src=\"https:\/\/stbesancon.fr\/wp-content\/uploads\/2018\/01\/logo_fftir_papier_coq.png\"><\/a><\/div>\n<\/div>\n<div  class=\"clients-strip-itemcol cp3cols\">\n<div  class=\"middle_align1\"><a href=\"http:\/\/www.issf-sports.org\" target=\"_self\" class=\"\" rel=\"noopener noreferrer\"><img  class=\"clients-strip-itemimg\" src=\"https:\/\/stbesancon.fr\/wp-content\/uploads\/2018\/01\/Logo-International_Shooting_Sport_Federation.png\"><\/a><\/div>\n<\/div>\n<div  class=\"clients-strip-itemcol cp3cols\">\n<div  class=\"middle_align1\"><a href=\"https:\/\/www.liguetirfc.info\" target=\"_self\" class=\"\" rel=\"noopener noreferrer\"><img  class=\"clients-strip-itemimg\" src=\"https:\/\/stbesancon.fr\/wp-content\/uploads\/2018\/01\/ligue-fc.png\"><\/a><\/div>\n<\/div>\n<div  class=\"clients-strip-itemcol cp3cols\">\n<div  class=\"middle_align1\"><a href=\"https:\/\/firearms-united.com\/fr\" target=\"_self\" class=\"\" rel=\"noopener noreferrer\"><img  class=\"clients-strip-itemimg\" src=\"https:\/\/stbesancon.fr\/wp-content\/uploads\/2018\/01\/fu_logo_wo_starst_white_border-1.png\"><\/a><\/div>\n<\/div>\n<\/div>\n<\/div><div  data-label=\"Features\" data-id=\"features-square-image-section\" data-category=\"features\" class=\"features-square-image-section\" id=\"features-7\" style=\"background-color: #ffffff;\">\n<div  class=\"gridContainer dynamic-color\">\n<div  class=\"features-square-image-textrow\">\n<div  class=\"features-square-image-textcol\" data-type=\"column\">\n\n<img  class=\"custom-image\" src=\"https:\/\/stbesancon.fr\/wp-content\/uploads\/2018\/02\/LOGOSTB2small-1.png\">\n<div  class=\"spacer\" data-type=\"group\"><span  class=\"fa before\"><\/span><i  class=\"fa fa-bookmark\"><\/i><span  class=\"fa after\"><\/span><\/div>\n<\/div>\n<\/div>\n<div  class=\"features-square-image-innerrow\" data-type=\"row\">\n<div  class=\"features-square-image-featcol cp4cols cp6cols-tablet\"><\/div>\n<\/div>\n<\/div>\n<\/div>","protected":false},"excerpt":{"rendered":"<p>Les Disciplines de la STB D\u00e9couvrez les diff\u00e9rentes disciplines de tir sportif pratiqu\u00e9es au sein de la STB &nbsp;learn more En savoir plus Ecole de Tir Une formation&nbsp; adapt\u00e9e aux jeunes tireurs \u00e0 partir de l\u2019\u00e2ge de&nbsp; 9 ans EN SAVOIR PLUS Adh\u00e9rer \u00e0 la STB Toutes les informations n\u00e9c\u00e9ssaires pour&nbsp; adh\u00e9rer \u00e0 la Soci\u00e9t\u00e9&hellip; <br \/> <a class=\"button small blue\" href=\"https:\/\/stbesancon.fr\/?p=554\">Lire la suite<\/a><\/p>\n","protected":false},"author":1,"featured_media":0,"parent":0,"menu_order":0,"comment_status":"closed","ping_status":"closed","template":"","meta":[],"yoast_head":"<!-- This site is optimized with the Yoast SEO plugin v20.6 - https:\/\/yoast.com\/wordpress\/plugins\/seo\/ -->\n<title>STB - Soci\u00e9t\u00e9 de Tir de Besan\u00e7on<\/title>\n<meta name=\"description\" content=\"Club de tir sportif de Besancon\" \/>\n<meta name=\"robots\" content=\"index, follow, max-snippet:-1, max-image-preview:large, max-video-preview:-1\" \/>\n<link rel=\"canonical\" href=\"https:\/\/stbesancon.fr\/\" \/>\n<meta property=\"og:locale\" content=\"fr_FR\" \/>\n<meta property=\"og:type\" content=\"article\" \/>\n<meta property=\"og:title\" content=\"STB - Soci\u00e9t\u00e9 de Tir de Besan\u00e7on\" \/>\n<meta property=\"og:description\" content=\"Club de tir sportif de Besancon\" \/>\n<meta property=\"og:url\" content=\"https:\/\/stbesancon.fr\/\" \/>\n<meta property=\"og:site_name\" content=\"Soci\u00e9t\u00e9 de Tir de Besan\u00e7on\" \/>\n<meta property=\"article:modified_time\" content=\"2023-08-27T20:16:04+00:00\" \/>\n<meta property=\"og:image\" content=\"https:\/\/stbesancon.fr\/wp-content\/uploads\/2018\/01\/THUMB02.jpg\" \/>\n<meta name=\"twitter:card\" content=\"summary_large_image\" \/>\n<meta name=\"twitter:label1\" content=\"Dur\u00e9e de lecture estim\u00e9e\" \/>\n\t<meta name=\"twitter:data1\" content=\"1 minute\" \/>\n<script type=\"application\/ld+json\" class=\"yoast-schema-graph\">{\"@context\":\"https:\/\/schema.org\",\"@graph\":[{\"@type\":\"WebPage\",\"@id\":\"https:\/\/stbesancon.fr\/\",\"url\":\"https:\/\/stbesancon.fr\/\",\"name\":\"STB - Soci\u00e9t\u00e9 de Tir de Besan\u00e7on\",\"isPartOf\":{\"@id\":\"https:\/\/stbesancon.fr\/#website\"},\"datePublished\":\"2018-01-07T21:27:59+00:00\",\"dateModified\":\"2023-08-27T20:16:04+00:00\",\"description\":\"Club de tir sportif de Besancon\",\"breadcrumb\":{\"@id\":\"https:\/\/stbesancon.fr\/#breadcrumb\"},\"inLanguage\":\"fr-FR\",\"potentialAction\":[{\"@type\":\"ReadAction\",\"target\":[\"https:\/\/stbesancon.fr\/\"]}]},{\"@type\":\"BreadcrumbList\",\"@id\":\"https:\/\/stbesancon.fr\/#breadcrumb\",\"itemListElement\":[{\"@type\":\"ListItem\",\"position\":1,\"name\":\"Accueil\",\"item\":\"https:\/\/stbesancon.fr\/\"},{\"@type\":\"ListItem\",\"position\":2,\"name\":\"STB\"}]},{\"@type\":\"WebSite\",\"@id\":\"https:\/\/stbesancon.fr\/#website\",\"url\":\"https:\/\/stbesancon.fr\/\",\"name\":\"Soci\u00e9t\u00e9 de Tir de Besan\u00e7on\",\"description\":\"Club de tir sportif du Grand Besan\u00e7on\",\"publisher\":{\"@id\":\"https:\/\/stbesancon.fr\/#organization\"},\"potentialAction\":[{\"@type\":\"SearchAction\",\"target\":{\"@type\":\"EntryPoint\",\"urlTemplate\":\"https:\/\/stbesancon.fr\/?s={search_term_string}\"},\"query-input\":\"required name=search_term_string\"}],\"inLanguage\":\"fr-FR\"},{\"@type\":\"Organization\",\"@id\":\"https:\/\/stbesancon.fr\/#organization\",\"name\":\"Soci\u00e9t\u00e9 de Tir de besan\u00e7on\",\"url\":\"https:\/\/stbesancon.fr\/\",\"logo\":{\"@type\":\"ImageObject\",\"inLanguage\":\"fr-FR\",\"@id\":\"https:\/\/stbesancon.fr\/#\/schema\/logo\/image\/\",\"url\":\"https:\/\/stbesancon.fr\/wp-content\/uploads\/2018\/02\/LOGOSTB2small2.png\",\"contentUrl\":\"https:\/\/stbesancon.fr\/wp-content\/uploads\/2018\/02\/LOGOSTB2small2.png\",\"width\":180,\"height\":177,\"caption\":\"Soci\u00e9t\u00e9 de Tir de besan\u00e7on\"},\"image\":{\"@id\":\"https:\/\/stbesancon.fr\/#\/schema\/logo\/image\/\"}}]}<\/script>\n<!-- \/ Yoast SEO plugin. -->","yoast_head_json":{"title":"STB - Soci\u00e9t\u00e9 de Tir de Besan\u00e7on","description":"Club de tir sportif de Besancon","robots":{"index":"index","follow":"follow","max-snippet":"max-snippet:-1","max-image-preview":"max-image-preview:large","max-video-preview":"max-video-preview:-1"},"canonical":"https:\/\/stbesancon.fr\/","og_locale":"fr_FR","og_type":"article","og_title":"STB - Soci\u00e9t\u00e9 de Tir de Besan\u00e7on","og_description":"Club de tir sportif de Besancon","og_url":"https:\/\/stbesancon.fr\/","og_site_name":"Soci\u00e9t\u00e9 de Tir de Besan\u00e7on","article_modified_time":"2023-08-27T20:16:04+00:00","og_image":[{"url":"https:\/\/stbesancon.fr\/wp-content\/uploads\/2018\/01\/THUMB02.jpg"}],"twitter_card":"summary_large_image","twitter_misc":{"Dur\u00e9e de lecture estim\u00e9e":"1 minute"},"schema":{"@context":"https:\/\/schema.org","@graph":[{"@type":"WebPage","@id":"https:\/\/stbesancon.fr\/","url":"https:\/\/stbesancon.fr\/","name":"STB - Soci\u00e9t\u00e9 de Tir de Besan\u00e7on","isPartOf":{"@id":"https:\/\/stbesancon.fr\/#website"},"datePublished":"2018-01-07T21:27:59+00:00","dateModified":"2023-08-27T20:16:04+00:00","description":"Club de tir sportif de Besancon","breadcrumb":{"@id":"https:\/\/stbesancon.fr\/#breadcrumb"},"inLanguage":"fr-FR","potentialAction":[{"@type":"ReadAction","target":["https:\/\/stbesancon.fr\/"]}]},{"@type":"BreadcrumbList","@id":"https:\/\/stbesancon.fr\/#breadcrumb","itemListElement":[{"@type":"ListItem","position":1,"name":"Accueil","item":"https:\/\/stbesancon.fr\/"},{"@type":"ListItem","position":2,"name":"STB"}]},{"@type":"WebSite","@id":"https:\/\/stbesancon.fr\/#website","url":"https:\/\/stbesancon.fr\/","name":"Soci\u00e9t\u00e9 de Tir de Besan\u00e7on","description":"Club de tir sportif du Grand Besan\u00e7on","publisher":{"@id":"https:\/\/stbesancon.fr\/#organization"},"potentialAction":[{"@type":"SearchAction","target":{"@type":"EntryPoint","urlTemplate":"https:\/\/stbesancon.fr\/?s={search_term_string}"},"query-input":"required name=search_term_string"}],"inLanguage":"fr-FR"},{"@type":"Organization","@id":"https:\/\/stbesancon.fr\/#organization","name":"Soci\u00e9t\u00e9 de Tir de besan\u00e7on","url":"https:\/\/stbesancon.fr\/","logo":{"@type":"ImageObject","inLanguage":"fr-FR","@id":"https:\/\/stbesancon.fr\/#\/schema\/logo\/image\/","url":"https:\/\/stbesancon.fr\/wp-content\/uploads\/2018\/02\/LOGOSTB2small2.png","contentUrl":"https:\/\/stbesancon.fr\/wp-content\/uploads\/2018\/02\/LOGOSTB2small2.png","width":180,"height":177,"caption":"Soci\u00e9t\u00e9 de Tir de besan\u00e7on"},"image":{"@id":"https:\/\/stbesancon.fr\/#\/schema\/logo\/image\/"}}]}},"_links":{"self":[{"href":"https:\/\/stbesancon.fr\/index.php?rest_route=\/wp\/v2\/pages\/109"}],"collection":[{"href":"https:\/\/stbesancon.fr\/index.php?rest_route=\/wp\/v2\/pages"}],"about":[{"href":"https:\/\/stbesancon.fr\/index.php?rest_route=\/wp\/v2\/types\/page"}],"author":[{"embeddable":true,"href":"https:\/\/stbesancon.fr\/index.php?rest_route=\/wp\/v2\/users\/1"}],"replies":[{"embeddable":true,"href":"https:\/\/stbesancon.fr\/index.php?rest_route=%2Fwp%2Fv2%2Fcomments&post=109"}],"version-history":[{"count":35,"href":"https:\/\/stbesancon.fr\/index.php?rest_route=\/wp\/v2\/pages\/109\/revisions"}],"predecessor-version":[{"id":2074,"href":"https:\/\/stbesancon.fr\/index.php?rest_route=\/wp\/v2\/pages\/109\/revisions\/2074"}],"wp:attachment":[{"href":"https:\/\/stbesancon.fr\/index.php?rest_route=%2Fwp%2Fv2%2Fmedia&parent=109"}],"curies":[{"name":"wp","href":"https:\/\/api.w.org\/{rel}","templated":true}]}}