{"id":173,"date":"2018-01-30T12:10:37","date_gmt":"2018-01-30T11:10:37","guid":{"rendered":"http:\/\/stbesancon.fr\/?page_id=173"},"modified":"2018-01-31T22:10:23","modified_gmt":"2018-01-31T21:10:23","slug":"ecole-de-tir","status":"publish","type":"page","link":"https:\/\/stbesancon.fr\/?page_id=173","title":{"rendered":"ECOLE DE TIR"},"content":{"rendered":"<p>L&rsquo;Ecoles de tir permet aux enfants de pratiquer le tir sportif d\u00e8s l&rsquo;\u00e2ge de neuf ans selon une dur\u00e9e de formation adapt\u00e9e \u00e0 chaque jeune tireur.<\/p>\n<p>Les enfants de cet \u00e2ge ne poss\u00e9dant pas la morphologie et la musculature pour supporter une arme d&rsquo;adulte, la F\u00e9d\u00e9ration a mis en place un syst\u00e8me de progression gr\u00e2ce \u00e0 des aides modulables e<span style=\"font-size: 18px; font-family: 'Source Sans Pro', sans-serif;\">n fonction de l&rsquo;\u00e2ge et du niveau des pratiquants (m\u00e9thode nationale d&rsquo;initiation). Les fabricants d&rsquo;armes, encourag\u00e9s par la F\u00e9d\u00e9ration Fran\u00e7aise de Tir ont commercialis\u00e9 depuis quelques ann\u00e9es, des armes sp\u00e9cialement con\u00e7ues pour les enfants et les jeunes (taille r\u00e9duite, moindre poids, plus grande maniabilit\u00e9).<\/span><span style=\"font-size: 18px; font-family: 'Source Sans Pro', sans-serif;\">\u00a0<\/span><\/p>\n<p><img loading=\"lazy\" class=\"size-medium wp-image-238 aligncenter\" src=\"https:\/\/stbesancon.fr\/wp-content\/uploads\/2018\/01\/edt-01-300x227.jpg\" alt=\"\" width=\"300\" height=\"227\" srcset=\"https:\/\/stbesancon.fr\/wp-content\/uploads\/2018\/01\/edt-01-300x227.jpg 300w, https:\/\/stbesancon.fr\/wp-content\/uploads\/2018\/01\/edt-01.jpg 600w\" sizes=\"(max-width: 300px) 100vw, 300px\" \/><br \/>\nLa formation se fait exclusivement au <a href=\"https:\/\/stbesancon.fr\/?page_id=70\">stand du Rosemont<\/a> \u00e0 10 m que ce soit au pistolet ou \u00e0 la carabine avec des armes (souvent all\u00e9g\u00e9es) \u00e0 air comprim\u00e9 ou \u00e0 CO2.<img loading=\"lazy\" class=\"aligncenter wp-image-176 size-full\" src=\"https:\/\/stbesancon.fr\/wp-content\/uploads\/2018\/01\/cc_sans_fond_blanc.jpg\" alt=\"\" width=\"640\" height=\"213\" srcset=\"https:\/\/stbesancon.fr\/wp-content\/uploads\/2018\/01\/cc_sans_fond_blanc.jpg 640w, https:\/\/stbesancon.fr\/wp-content\/uploads\/2018\/01\/cc_sans_fond_blanc-300x100.jpg 300w\" sizes=\"(max-width: 640px) 100vw, 640px\" \/><\/p>\n<p>Le\u00a0<a href=\"http:\/\/www.fftir.org\/fr\/cibles_couleurs\">dispositif Cibles Couleurs<\/a>\u00a0comprend 7 niveaux d&rsquo;apprentissages mat\u00e9rialis\u00e9s par des couleurs qui valident le niveau de pratique des jeunes tireurs et favorisent leur progression vers le palier sup\u00e9rieur et la comp\u00e9tition, tout en les \u00e9duquant aux diff\u00e9rentes valeurs du sport et du tir sportif. Chaque niveau fait l&rsquo;objet d&rsquo;un contr\u00f4le des connaissances. Il est suivi de la remise d&rsquo;un dipl\u00f4me et d&rsquo;une cible de couleur. La progression est enregistr\u00e9e dans le passeport individuel du tireur.<\/p>\n<p>Ce dispositif de progression Cibles Couleurs ainsi qu&rsquo;une fili\u00e8re de comp\u00e9tition sp\u00e9cifique r\u00e9gionale et nationale est \u00e0 la disposition des animateurs et des initiateurs de club pour animer et motiver les jeunes tireurs inscrits dans l&rsquo;activit\u00e9 des \u00c9coles de tir.<\/p>\n","protected":false},"excerpt":{"rendered":"<p>L&rsquo;Ecoles de tir permet aux enfants de pratiquer le tir sportif d\u00e8s l&rsquo;\u00e2ge de neuf ans selon une dur\u00e9e de formation adapt\u00e9e \u00e0 chaque jeune tireur. Les enfants de cet \u00e2ge ne poss\u00e9dant pas la morphologie et la musculature pour supporter une arme d&rsquo;adulte, la F\u00e9d\u00e9ration a mis en place un syst\u00e8me de progression gr\u00e2ce&hellip; <br \/> <a class=\"button small blue\" href=\"https:\/\/stbesancon.fr\/?page_id=173\">Lire la suite<\/a><\/p>\n","protected":false},"author":1,"featured_media":0,"parent":0,"menu_order":0,"comment_status":"closed","ping_status":"closed","template":"","meta":[],"yoast_head":"<!-- This site is optimized with the Yoast SEO plugin v20.6 - https:\/\/yoast.com\/wordpress\/plugins\/seo\/ -->\n<title>ECOLE DE TIR - Soci\u00e9t\u00e9 de Tir de Besan\u00e7on<\/title>\n<meta name=\"robots\" content=\"index, follow, max-snippet:-1, max-image-preview:large, max-video-preview:-1\" \/>\n<link rel=\"canonical\" href=\"https:\/\/stbesancon.fr\/?page_id=173\" \/>\n<meta property=\"og:locale\" content=\"fr_FR\" \/>\n<meta property=\"og:type\" content=\"article\" \/>\n<meta property=\"og:title\" content=\"ECOLE DE TIR - Soci\u00e9t\u00e9 de Tir de Besan\u00e7on\" \/>\n<meta property=\"og:description\" content=\"L&rsquo;Ecoles de tir permet aux enfants de pratiquer le tir sportif d\u00e8s l&rsquo;\u00e2ge de neuf ans selon une dur\u00e9e de formation adapt\u00e9e \u00e0 chaque jeune tireur. Les enfants de cet \u00e2ge ne poss\u00e9dant pas la morphologie et la musculature pour supporter une arme d&rsquo;adulte, la F\u00e9d\u00e9ration a mis en place un syst\u00e8me de progression gr\u00e2ce&hellip; Lire la suite\" \/>\n<meta property=\"og:url\" content=\"https:\/\/stbesancon.fr\/?page_id=173\" \/>\n<meta property=\"og:site_name\" content=\"Soci\u00e9t\u00e9 de Tir de Besan\u00e7on\" \/>\n<meta property=\"article:modified_time\" content=\"2018-01-31T21:10:23+00:00\" \/>\n<meta property=\"og:image\" content=\"http:\/\/stbesancon.fr\/wp-content\/uploads\/2018\/01\/edt-01-300x227.jpg\" \/>\n<meta name=\"twitter:card\" content=\"summary_large_image\" \/>\n<meta name=\"twitter:label1\" content=\"Dur\u00e9e de lecture estim\u00e9e\" \/>\n\t<meta name=\"twitter:data1\" content=\"1 minute\" \/>\n<script type=\"application\/ld+json\" class=\"yoast-schema-graph\">{\"@context\":\"https:\/\/schema.org\",\"@graph\":[{\"@type\":\"WebPage\",\"@id\":\"https:\/\/stbesancon.fr\/?page_id=173\",\"url\":\"https:\/\/stbesancon.fr\/?page_id=173\",\"name\":\"ECOLE DE TIR - Soci\u00e9t\u00e9 de Tir de Besan\u00e7on\",\"isPartOf\":{\"@id\":\"https:\/\/stbesancon.fr\/#website\"},\"datePublished\":\"2018-01-30T11:10:37+00:00\",\"dateModified\":\"2018-01-31T21:10:23+00:00\",\"breadcrumb\":{\"@id\":\"https:\/\/stbesancon.fr\/?page_id=173#breadcrumb\"},\"inLanguage\":\"fr-FR\",\"potentialAction\":[{\"@type\":\"ReadAction\",\"target\":[\"https:\/\/stbesancon.fr\/?page_id=173\"]}]},{\"@type\":\"BreadcrumbList\",\"@id\":\"https:\/\/stbesancon.fr\/?page_id=173#breadcrumb\",\"itemListElement\":[{\"@type\":\"ListItem\",\"position\":1,\"name\":\"Accueil\",\"item\":\"https:\/\/stbesancon.fr\/\"},{\"@type\":\"ListItem\",\"position\":2,\"name\":\"ECOLE DE TIR\"}]},{\"@type\":\"WebSite\",\"@id\":\"https:\/\/stbesancon.fr\/#website\",\"url\":\"https:\/\/stbesancon.fr\/\",\"name\":\"Soci\u00e9t\u00e9 de Tir de Besan\u00e7on\",\"description\":\"Club de tir sportif du Grand Besan\u00e7on\",\"publisher\":{\"@id\":\"https:\/\/stbesancon.fr\/#organization\"},\"potentialAction\":[{\"@type\":\"SearchAction\",\"target\":{\"@type\":\"EntryPoint\",\"urlTemplate\":\"https:\/\/stbesancon.fr\/?s={search_term_string}\"},\"query-input\":\"required name=search_term_string\"}],\"inLanguage\":\"fr-FR\"},{\"@type\":\"Organization\",\"@id\":\"https:\/\/stbesancon.fr\/#organization\",\"name\":\"Soci\u00e9t\u00e9 de Tir de besan\u00e7on\",\"url\":\"https:\/\/stbesancon.fr\/\",\"logo\":{\"@type\":\"ImageObject\",\"inLanguage\":\"fr-FR\",\"@id\":\"https:\/\/stbesancon.fr\/#\/schema\/logo\/image\/\",\"url\":\"https:\/\/stbesancon.fr\/wp-content\/uploads\/2018\/02\/LOGOSTB2small2.png\",\"contentUrl\":\"https:\/\/stbesancon.fr\/wp-content\/uploads\/2018\/02\/LOGOSTB2small2.png\",\"width\":180,\"height\":177,\"caption\":\"Soci\u00e9t\u00e9 de Tir de besan\u00e7on\"},\"image\":{\"@id\":\"https:\/\/stbesancon.fr\/#\/schema\/logo\/image\/\"}}]}<\/script>\n<!-- \/ Yoast SEO plugin. -->","yoast_head_json":{"title":"ECOLE DE TIR - Soci\u00e9t\u00e9 de Tir de Besan\u00e7on","robots":{"index":"index","follow":"follow","max-snippet":"max-snippet:-1","max-image-preview":"max-image-preview:large","max-video-preview":"max-video-preview:-1"},"canonical":"https:\/\/stbesancon.fr\/?page_id=173","og_locale":"fr_FR","og_type":"article","og_title":"ECOLE DE TIR - Soci\u00e9t\u00e9 de Tir de Besan\u00e7on","og_description":"L&rsquo;Ecoles de tir permet aux enfants de pratiquer le tir sportif d\u00e8s l&rsquo;\u00e2ge de neuf ans selon une dur\u00e9e de formation adapt\u00e9e \u00e0 chaque jeune tireur. Les enfants de cet \u00e2ge ne poss\u00e9dant pas la morphologie et la musculature pour supporter une arme d&rsquo;adulte, la F\u00e9d\u00e9ration a mis en place un syst\u00e8me de progression gr\u00e2ce&hellip; Lire la suite","og_url":"https:\/\/stbesancon.fr\/?page_id=173","og_site_name":"Soci\u00e9t\u00e9 de Tir de Besan\u00e7on","article_modified_time":"2018-01-31T21:10:23+00:00","og_image":[{"url":"http:\/\/stbesancon.fr\/wp-content\/uploads\/2018\/01\/edt-01-300x227.jpg"}],"twitter_card":"summary_large_image","twitter_misc":{"Dur\u00e9e de lecture estim\u00e9e":"1 minute"},"schema":{"@context":"https:\/\/schema.org","@graph":[{"@type":"WebPage","@id":"https:\/\/stbesancon.fr\/?page_id=173","url":"https:\/\/stbesancon.fr\/?page_id=173","name":"ECOLE DE TIR - Soci\u00e9t\u00e9 de Tir de Besan\u00e7on","isPartOf":{"@id":"https:\/\/stbesancon.fr\/#website"},"datePublished":"2018-01-30T11:10:37+00:00","dateModified":"2018-01-31T21:10:23+00:00","breadcrumb":{"@id":"https:\/\/stbesancon.fr\/?page_id=173#breadcrumb"},"inLanguage":"fr-FR","potentialAction":[{"@type":"ReadAction","target":["https:\/\/stbesancon.fr\/?page_id=173"]}]},{"@type":"BreadcrumbList","@id":"https:\/\/stbesancon.fr\/?page_id=173#breadcrumb","itemListElement":[{"@type":"ListItem","position":1,"name":"Accueil","item":"https:\/\/stbesancon.fr\/"},{"@type":"ListItem","position":2,"name":"ECOLE DE TIR"}]},{"@type":"WebSite","@id":"https:\/\/stbesancon.fr\/#website","url":"https:\/\/stbesancon.fr\/","name":"Soci\u00e9t\u00e9 de Tir de Besan\u00e7on","description":"Club de tir sportif du Grand Besan\u00e7on","publisher":{"@id":"https:\/\/stbesancon.fr\/#organization"},"potentialAction":[{"@type":"SearchAction","target":{"@type":"EntryPoint","urlTemplate":"https:\/\/stbesancon.fr\/?s={search_term_string}"},"query-input":"required name=search_term_string"}],"inLanguage":"fr-FR"},{"@type":"Organization","@id":"https:\/\/stbesancon.fr\/#organization","name":"Soci\u00e9t\u00e9 de Tir de besan\u00e7on","url":"https:\/\/stbesancon.fr\/","logo":{"@type":"ImageObject","inLanguage":"fr-FR","@id":"https:\/\/stbesancon.fr\/#\/schema\/logo\/image\/","url":"https:\/\/stbesancon.fr\/wp-content\/uploads\/2018\/02\/LOGOSTB2small2.png","contentUrl":"https:\/\/stbesancon.fr\/wp-content\/uploads\/2018\/02\/LOGOSTB2small2.png","width":180,"height":177,"caption":"Soci\u00e9t\u00e9 de Tir de besan\u00e7on"},"image":{"@id":"https:\/\/stbesancon.fr\/#\/schema\/logo\/image\/"}}]}},"_links":{"self":[{"href":"https:\/\/stbesancon.fr\/index.php?rest_route=\/wp\/v2\/pages\/173"}],"collection":[{"href":"https:\/\/stbesancon.fr\/index.php?rest_route=\/wp\/v2\/pages"}],"about":[{"href":"https:\/\/stbesancon.fr\/index.php?rest_route=\/wp\/v2\/types\/page"}],"author":[{"embeddable":true,"href":"https:\/\/stbesancon.fr\/index.php?rest_route=\/wp\/v2\/users\/1"}],"replies":[{"embeddable":true,"href":"https:\/\/stbesancon.fr\/index.php?rest_route=%2Fwp%2Fv2%2Fcomments&post=173"}],"version-history":[{"count":4,"href":"https:\/\/stbesancon.fr\/index.php?rest_route=\/wp\/v2\/pages\/173\/revisions"}],"predecessor-version":[{"id":245,"href":"https:\/\/stbesancon.fr\/index.php?rest_route=\/wp\/v2\/pages\/173\/revisions\/245"}],"wp:attachment":[{"href":"https:\/\/stbesancon.fr\/index.php?rest_route=%2Fwp%2Fv2%2Fmedia&parent=173"}],"curies":[{"name":"wp","href":"https:\/\/api.w.org\/{rel}","templated":true}]}}