{"id":205,"date":"2025-01-10T16:19:00","date_gmt":"2025-01-10T15:19:00","guid":{"rendered":"http:\/\/stbesancon.fr\/?page_id=205"},"modified":"2025-01-14T13:25:42","modified_gmt":"2025-01-14T12:25:42","slug":"compte-rendus-des-assemblees-generales","status":"publish","type":"page","link":"https:\/\/stbesancon.fr\/?page_id=205","title":{"rendered":"COMPTE-RENDUS DES ASSEMBL\u00c9ES G\u00c9N\u00c9RALES"},"content":{"rendered":"<h2><a href=\"https:\/\/stbesancon.fr\/wp-content\/uploads\/2025\/01\/cr-AG-STB-2024.pdf\" target=\"_blank\" rel=\"noopener\"><span style=\"color: #a31414;\">Assembl\u00e9e g\u00e9n\u00e9rale du 29 septembre 2024 (en t\u00e9l\u00e9chargement)<\/span><\/a><\/h2>\n\n\n<figure class=\"wp-block-image size-large\"><img loading=\"lazy\" width=\"1024\" height=\"769\" src=\"https:\/\/stbesancon.fr\/wp-content\/uploads\/2020\/10\/120134730_990955778072052_2462432045474715806_o-1024x769.jpg\" alt=\"Assembl\u00e9e g\u00e9n\u00e9rale septembre 2020\" class=\"wp-image-1096\" srcset=\"https:\/\/stbesancon.fr\/wp-content\/uploads\/2020\/10\/120134730_990955778072052_2462432045474715806_o-1024x769.jpg 1024w, https:\/\/stbesancon.fr\/wp-content\/uploads\/2020\/10\/120134730_990955778072052_2462432045474715806_o-300x225.jpg 300w, https:\/\/stbesancon.fr\/wp-content\/uploads\/2020\/10\/120134730_990955778072052_2462432045474715806_o-768x577.jpg 768w, https:\/\/stbesancon.fr\/wp-content\/uploads\/2020\/10\/120134730_990955778072052_2462432045474715806_o.jpg 1156w\" sizes=\"(max-width: 1024px) 100vw, 1024px\" \/><figcaption>Assembl\u00e9e G\u00e9n\u00e9rale 2019 &#8211; Salle VIP de Rosemont &#8211; Vendredi 25 septembre 2020<\/figcaption><\/figure>\n\n\n\n<p><\/p>\n","protected":false},"excerpt":{"rendered":"<p>Assembl\u00e9e g\u00e9n\u00e9rale du 29 septembre 2024 (en t\u00e9l\u00e9chargement)<\/p>\n","protected":false},"author":1,"featured_media":272,"parent":0,"menu_order":0,"comment_status":"closed","ping_status":"closed","template":"","meta":[],"yoast_head":"<!-- This site is optimized with the Yoast SEO plugin v20.6 - https:\/\/yoast.com\/wordpress\/plugins\/seo\/ -->\n<title>COMPTE-RENDUS DES ASSEMBL\u00c9ES G\u00c9N\u00c9RALES - Soci\u00e9t\u00e9 de Tir de Besan\u00e7on<\/title>\n<meta name=\"description\" content=\"Ass\u00e9mbl\u00e9 g\u00e9n\u00e9rale Soci\u00e9t\u00e9 de Tir de Besan\u00e7on\" \/>\n<meta name=\"robots\" content=\"index, follow, max-snippet:-1, max-image-preview:large, max-video-preview:-1\" \/>\n<link rel=\"canonical\" href=\"https:\/\/stbesancon.fr\/?page_id=205\" \/>\n<meta property=\"og:locale\" content=\"fr_FR\" \/>\n<meta property=\"og:type\" content=\"article\" \/>\n<meta property=\"og:title\" content=\"COMPTE-RENDUS DES ASSEMBL\u00c9ES G\u00c9N\u00c9RALES - Soci\u00e9t\u00e9 de Tir de Besan\u00e7on\" \/>\n<meta property=\"og:description\" content=\"Ass\u00e9mbl\u00e9 g\u00e9n\u00e9rale Soci\u00e9t\u00e9 de Tir de Besan\u00e7on\" \/>\n<meta property=\"og:url\" content=\"https:\/\/stbesancon.fr\/?page_id=205\" \/>\n<meta property=\"og:site_name\" content=\"Soci\u00e9t\u00e9 de Tir de Besan\u00e7on\" \/>\n<meta property=\"article:modified_time\" content=\"2025-01-14T12:25:42+00:00\" \/>\n<meta property=\"og:image\" content=\"https:\/\/stbesancon.fr\/wp-content\/uploads\/2018\/02\/LOGOSTB2small2.png\" \/>\n\t<meta property=\"og:image:width\" content=\"180\" \/>\n\t<meta property=\"og:image:height\" content=\"177\" \/>\n\t<meta property=\"og:image:type\" content=\"image\/png\" \/>\n<meta name=\"twitter:card\" content=\"summary_large_image\" \/>\n<meta name=\"twitter:label1\" content=\"Dur\u00e9e de lecture estim\u00e9e\" \/>\n\t<meta name=\"twitter:data1\" content=\"1 minute\" \/>\n<script type=\"application\/ld+json\" class=\"yoast-schema-graph\">{\"@context\":\"https:\/\/schema.org\",\"@graph\":[{\"@type\":\"WebPage\",\"@id\":\"https:\/\/stbesancon.fr\/?page_id=205\",\"url\":\"https:\/\/stbesancon.fr\/?page_id=205\",\"name\":\"COMPTE-RENDUS DES ASSEMBL\u00c9ES G\u00c9N\u00c9RALES - Soci\u00e9t\u00e9 de Tir de Besan\u00e7on\",\"isPartOf\":{\"@id\":\"https:\/\/stbesancon.fr\/#website\"},\"datePublished\":\"2025-01-10T15:19:00+00:00\",\"dateModified\":\"2025-01-14T12:25:42+00:00\",\"description\":\"Ass\u00e9mbl\u00e9 g\u00e9n\u00e9rale Soci\u00e9t\u00e9 de Tir de Besan\u00e7on\",\"breadcrumb\":{\"@id\":\"https:\/\/stbesancon.fr\/?page_id=205#breadcrumb\"},\"inLanguage\":\"fr-FR\",\"potentialAction\":[{\"@type\":\"ReadAction\",\"target\":[\"https:\/\/stbesancon.fr\/?page_id=205\"]}]},{\"@type\":\"BreadcrumbList\",\"@id\":\"https:\/\/stbesancon.fr\/?page_id=205#breadcrumb\",\"itemListElement\":[{\"@type\":\"ListItem\",\"position\":1,\"name\":\"Accueil\",\"item\":\"https:\/\/stbesancon.fr\/\"},{\"@type\":\"ListItem\",\"position\":2,\"name\":\"COMPTE-RENDUS DES ASSEMBL\u00c9ES G\u00c9N\u00c9RALES\"}]},{\"@type\":\"WebSite\",\"@id\":\"https:\/\/stbesancon.fr\/#website\",\"url\":\"https:\/\/stbesancon.fr\/\",\"name\":\"Soci\u00e9t\u00e9 de Tir de Besan\u00e7on\",\"description\":\"Club de tir sportif du Grand Besan\u00e7on\",\"publisher\":{\"@id\":\"https:\/\/stbesancon.fr\/#organization\"},\"potentialAction\":[{\"@type\":\"SearchAction\",\"target\":{\"@type\":\"EntryPoint\",\"urlTemplate\":\"https:\/\/stbesancon.fr\/?s={search_term_string}\"},\"query-input\":\"required name=search_term_string\"}],\"inLanguage\":\"fr-FR\"},{\"@type\":\"Organization\",\"@id\":\"https:\/\/stbesancon.fr\/#organization\",\"name\":\"Soci\u00e9t\u00e9 de Tir de besan\u00e7on\",\"url\":\"https:\/\/stbesancon.fr\/\",\"logo\":{\"@type\":\"ImageObject\",\"inLanguage\":\"fr-FR\",\"@id\":\"https:\/\/stbesancon.fr\/#\/schema\/logo\/image\/\",\"url\":\"https:\/\/stbesancon.fr\/wp-content\/uploads\/2018\/02\/LOGOSTB2small2.png\",\"contentUrl\":\"https:\/\/stbesancon.fr\/wp-content\/uploads\/2018\/02\/LOGOSTB2small2.png\",\"width\":180,\"height\":177,\"caption\":\"Soci\u00e9t\u00e9 de Tir de besan\u00e7on\"},\"image\":{\"@id\":\"https:\/\/stbesancon.fr\/#\/schema\/logo\/image\/\"}}]}<\/script>\n<!-- \/ Yoast SEO plugin. -->","yoast_head_json":{"title":"COMPTE-RENDUS DES ASSEMBL\u00c9ES G\u00c9N\u00c9RALES - Soci\u00e9t\u00e9 de Tir de Besan\u00e7on","description":"Ass\u00e9mbl\u00e9 g\u00e9n\u00e9rale Soci\u00e9t\u00e9 de Tir de Besan\u00e7on","robots":{"index":"index","follow":"follow","max-snippet":"max-snippet:-1","max-image-preview":"max-image-preview:large","max-video-preview":"max-video-preview:-1"},"canonical":"https:\/\/stbesancon.fr\/?page_id=205","og_locale":"fr_FR","og_type":"article","og_title":"COMPTE-RENDUS DES ASSEMBL\u00c9ES G\u00c9N\u00c9RALES - Soci\u00e9t\u00e9 de Tir de Besan\u00e7on","og_description":"Ass\u00e9mbl\u00e9 g\u00e9n\u00e9rale Soci\u00e9t\u00e9 de Tir de Besan\u00e7on","og_url":"https:\/\/stbesancon.fr\/?page_id=205","og_site_name":"Soci\u00e9t\u00e9 de Tir de Besan\u00e7on","article_modified_time":"2025-01-14T12:25:42+00:00","og_image":[{"width":180,"height":177,"url":"https:\/\/stbesancon.fr\/wp-content\/uploads\/2018\/02\/LOGOSTB2small2.png","type":"image\/png"}],"twitter_card":"summary_large_image","twitter_misc":{"Dur\u00e9e de lecture estim\u00e9e":"1 minute"},"schema":{"@context":"https:\/\/schema.org","@graph":[{"@type":"WebPage","@id":"https:\/\/stbesancon.fr\/?page_id=205","url":"https:\/\/stbesancon.fr\/?page_id=205","name":"COMPTE-RENDUS DES ASSEMBL\u00c9ES G\u00c9N\u00c9RALES - Soci\u00e9t\u00e9 de Tir de Besan\u00e7on","isPartOf":{"@id":"https:\/\/stbesancon.fr\/#website"},"datePublished":"2025-01-10T15:19:00+00:00","dateModified":"2025-01-14T12:25:42+00:00","description":"Ass\u00e9mbl\u00e9 g\u00e9n\u00e9rale Soci\u00e9t\u00e9 de Tir de Besan\u00e7on","breadcrumb":{"@id":"https:\/\/stbesancon.fr\/?page_id=205#breadcrumb"},"inLanguage":"fr-FR","potentialAction":[{"@type":"ReadAction","target":["https:\/\/stbesancon.fr\/?page_id=205"]}]},{"@type":"BreadcrumbList","@id":"https:\/\/stbesancon.fr\/?page_id=205#breadcrumb","itemListElement":[{"@type":"ListItem","position":1,"name":"Accueil","item":"https:\/\/stbesancon.fr\/"},{"@type":"ListItem","position":2,"name":"COMPTE-RENDUS DES ASSEMBL\u00c9ES G\u00c9N\u00c9RALES"}]},{"@type":"WebSite","@id":"https:\/\/stbesancon.fr\/#website","url":"https:\/\/stbesancon.fr\/","name":"Soci\u00e9t\u00e9 de Tir de Besan\u00e7on","description":"Club de tir sportif du Grand Besan\u00e7on","publisher":{"@id":"https:\/\/stbesancon.fr\/#organization"},"potentialAction":[{"@type":"SearchAction","target":{"@type":"EntryPoint","urlTemplate":"https:\/\/stbesancon.fr\/?s={search_term_string}"},"query-input":"required name=search_term_string"}],"inLanguage":"fr-FR"},{"@type":"Organization","@id":"https:\/\/stbesancon.fr\/#organization","name":"Soci\u00e9t\u00e9 de Tir de besan\u00e7on","url":"https:\/\/stbesancon.fr\/","logo":{"@type":"ImageObject","inLanguage":"fr-FR","@id":"https:\/\/stbesancon.fr\/#\/schema\/logo\/image\/","url":"https:\/\/stbesancon.fr\/wp-content\/uploads\/2018\/02\/LOGOSTB2small2.png","contentUrl":"https:\/\/stbesancon.fr\/wp-content\/uploads\/2018\/02\/LOGOSTB2small2.png","width":180,"height":177,"caption":"Soci\u00e9t\u00e9 de Tir de besan\u00e7on"},"image":{"@id":"https:\/\/stbesancon.fr\/#\/schema\/logo\/image\/"}}]}},"_links":{"self":[{"href":"https:\/\/stbesancon.fr\/index.php?rest_route=\/wp\/v2\/pages\/205"}],"collection":[{"href":"https:\/\/stbesancon.fr\/index.php?rest_route=\/wp\/v2\/pages"}],"about":[{"href":"https:\/\/stbesancon.fr\/index.php?rest_route=\/wp\/v2\/types\/page"}],"author":[{"embeddable":true,"href":"https:\/\/stbesancon.fr\/index.php?rest_route=\/wp\/v2\/users\/1"}],"replies":[{"embeddable":true,"href":"https:\/\/stbesancon.fr\/index.php?rest_route=%2Fwp%2Fv2%2Fcomments&post=205"}],"version-history":[{"count":11,"href":"https:\/\/stbesancon.fr\/index.php?rest_route=\/wp\/v2\/pages\/205\/revisions"}],"predecessor-version":[{"id":2119,"href":"https:\/\/stbesancon.fr\/index.php?rest_route=\/wp\/v2\/pages\/205\/revisions\/2119"}],"wp:featuredmedia":[{"embeddable":true,"href":"https:\/\/stbesancon.fr\/index.php?rest_route=\/wp\/v2\/media\/272"}],"wp:attachment":[{"href":"https:\/\/stbesancon.fr\/index.php?rest_route=%2Fwp%2Fv2%2Fmedia&parent=205"}],"curies":[{"name":"wp","href":"https:\/\/api.w.org\/{rel}","templated":true}]}}