{"id":216,"date":"2018-01-31T14:14:03","date_gmt":"2018-01-31T13:14:03","guid":{"rendered":"http:\/\/stbesancon.fr\/?page_id=216"},"modified":"2024-12-02T17:11:51","modified_gmt":"2024-12-02T16:11:51","slug":"calendrier-resultats","status":"publish","type":"page","link":"https:\/\/stbesancon.fr\/?page_id=216","title":{"rendered":"CALENDRIER &#038; R\u00c9SULTATS"},"content":{"rendered":"<h3>CALENDRIER :<\/h3>\n<p>Vous trouverez ci-dessous les version t\u00e9l\u00e9chargeables des calendriers des comp\u00e9titions saison 2024-2025 ainsi que les Crit\u00e9riums :<\/p>\n<p><a href=\"https:\/\/stbesancon.fr\/wp-content\/uploads\/2024\/12\/CALENDRIER25.pdf\" target=\"_blank\" rel=\"noopener noreferrer\">A &#8211; Calendrier des comp\u00e9titions D\u00e9partement du Doubs &#8211; Saison 2024-2025<\/a><\/p>\n<p><a href=\"https:\/\/stbesancon.fr\/wp-content\/uploads\/2024\/12\/Calendrier-CGS-2024-2025-Level-1-2.pdf\" target=\"_blank\" rel=\"noopener noreferrer\">B &#8211; Calendrier des comp\u00e9titions R\u00e9gion Franche-Comt\u00e9 &#8211; Saison 2024 &#8211; 2025\u00a0<\/a><\/p>\n<h3>RESULTATS :<\/h3>\n<p>Vous trouverez ci-dessous les version t\u00e9l\u00e9chargeables des r\u00e9sultats des comp\u00e9titions saison 2024-2025, ainsi que les Crit\u00e9riums :<\/p>\n<p><a href=\"https:\/\/stbesancon.fr\/wp-content\/uploads\/2024\/12\/Coupe-ligue-pistolet-10m.pdf\" target=\"_blank\" rel=\"noopener\">R\u00e9sultats : 19 et 20 octobre 2024 &#8211; Coupe de ligue &#8211; Pistolet 10m<\/a><\/p>\n","protected":false},"excerpt":{"rendered":"<p>CALENDRIER : Vous trouverez ci-dessous les version t\u00e9l\u00e9chargeables des calendriers des comp\u00e9titions saison 2024-2025 ainsi que les Crit\u00e9riums : A &#8211; Calendrier des comp\u00e9titions D\u00e9partement du Doubs &#8211; Saison 2024-2025 B &#8211; Calendrier des comp\u00e9titions R\u00e9gion Franche-Comt\u00e9 &#8211; Saison 2024 &#8211; 2025\u00a0 RESULTATS : Vous trouverez ci-dessous les version t\u00e9l\u00e9chargeables des r\u00e9sultats des comp\u00e9titions saison&hellip; <br \/> <a class=\"button small blue\" href=\"https:\/\/stbesancon.fr\/?page_id=216\">Lire la suite<\/a><\/p>\n","protected":false},"author":1,"featured_media":0,"parent":0,"menu_order":0,"comment_status":"closed","ping_status":"closed","template":"","meta":[],"yoast_head":"<!-- This site is optimized with the Yoast SEO plugin v20.6 - https:\/\/yoast.com\/wordpress\/plugins\/seo\/ -->\n<title>CALENDRIER &amp; R\u00c9SULTATS - Soci\u00e9t\u00e9 de Tir de Besan\u00e7on<\/title>\n<meta name=\"robots\" content=\"index, follow, max-snippet:-1, max-image-preview:large, max-video-preview:-1\" \/>\n<link rel=\"canonical\" href=\"https:\/\/stbesancon.fr\/?page_id=216\" \/>\n<meta property=\"og:locale\" content=\"fr_FR\" \/>\n<meta property=\"og:type\" content=\"article\" \/>\n<meta property=\"og:title\" content=\"CALENDRIER &amp; R\u00c9SULTATS - Soci\u00e9t\u00e9 de Tir de Besan\u00e7on\" \/>\n<meta property=\"og:description\" content=\"CALENDRIER : Vous trouverez ci-dessous les version t\u00e9l\u00e9chargeables des calendriers des comp\u00e9titions saison 2024-2025 ainsi que les Crit\u00e9riums : A &#8211; Calendrier des comp\u00e9titions D\u00e9partement du Doubs &#8211; Saison 2024-2025 B &#8211; Calendrier des comp\u00e9titions R\u00e9gion Franche-Comt\u00e9 &#8211; Saison 2024 &#8211; 2025\u00a0 RESULTATS : Vous trouverez ci-dessous les version t\u00e9l\u00e9chargeables des r\u00e9sultats des comp\u00e9titions saison&hellip; Lire la suite\" \/>\n<meta property=\"og:url\" content=\"https:\/\/stbesancon.fr\/?page_id=216\" \/>\n<meta property=\"og:site_name\" content=\"Soci\u00e9t\u00e9 de Tir de Besan\u00e7on\" \/>\n<meta property=\"article:modified_time\" content=\"2024-12-02T16:11:51+00:00\" \/>\n<meta name=\"twitter:card\" content=\"summary_large_image\" \/>\n<meta name=\"twitter:label1\" content=\"Dur\u00e9e de lecture estim\u00e9e\" \/>\n\t<meta name=\"twitter:data1\" content=\"1 minute\" \/>\n<script type=\"application\/ld+json\" class=\"yoast-schema-graph\">{\"@context\":\"https:\/\/schema.org\",\"@graph\":[{\"@type\":\"WebPage\",\"@id\":\"https:\/\/stbesancon.fr\/?page_id=216\",\"url\":\"https:\/\/stbesancon.fr\/?page_id=216\",\"name\":\"CALENDRIER & R\u00c9SULTATS - Soci\u00e9t\u00e9 de Tir de Besan\u00e7on\",\"isPartOf\":{\"@id\":\"https:\/\/stbesancon.fr\/#website\"},\"datePublished\":\"2018-01-31T13:14:03+00:00\",\"dateModified\":\"2024-12-02T16:11:51+00:00\",\"breadcrumb\":{\"@id\":\"https:\/\/stbesancon.fr\/?page_id=216#breadcrumb\"},\"inLanguage\":\"fr-FR\",\"potentialAction\":[{\"@type\":\"ReadAction\",\"target\":[\"https:\/\/stbesancon.fr\/?page_id=216\"]}]},{\"@type\":\"BreadcrumbList\",\"@id\":\"https:\/\/stbesancon.fr\/?page_id=216#breadcrumb\",\"itemListElement\":[{\"@type\":\"ListItem\",\"position\":1,\"name\":\"Accueil\",\"item\":\"https:\/\/stbesancon.fr\/\"},{\"@type\":\"ListItem\",\"position\":2,\"name\":\"CALENDRIER &#038; R\u00c9SULTATS\"}]},{\"@type\":\"WebSite\",\"@id\":\"https:\/\/stbesancon.fr\/#website\",\"url\":\"https:\/\/stbesancon.fr\/\",\"name\":\"Soci\u00e9t\u00e9 de Tir de Besan\u00e7on\",\"description\":\"Club de tir sportif du Grand Besan\u00e7on\",\"publisher\":{\"@id\":\"https:\/\/stbesancon.fr\/#organization\"},\"potentialAction\":[{\"@type\":\"SearchAction\",\"target\":{\"@type\":\"EntryPoint\",\"urlTemplate\":\"https:\/\/stbesancon.fr\/?s={search_term_string}\"},\"query-input\":\"required name=search_term_string\"}],\"inLanguage\":\"fr-FR\"},{\"@type\":\"Organization\",\"@id\":\"https:\/\/stbesancon.fr\/#organization\",\"name\":\"Soci\u00e9t\u00e9 de Tir de besan\u00e7on\",\"url\":\"https:\/\/stbesancon.fr\/\",\"logo\":{\"@type\":\"ImageObject\",\"inLanguage\":\"fr-FR\",\"@id\":\"https:\/\/stbesancon.fr\/#\/schema\/logo\/image\/\",\"url\":\"https:\/\/stbesancon.fr\/wp-content\/uploads\/2018\/02\/LOGOSTB2small2.png\",\"contentUrl\":\"https:\/\/stbesancon.fr\/wp-content\/uploads\/2018\/02\/LOGOSTB2small2.png\",\"width\":180,\"height\":177,\"caption\":\"Soci\u00e9t\u00e9 de Tir de besan\u00e7on\"},\"image\":{\"@id\":\"https:\/\/stbesancon.fr\/#\/schema\/logo\/image\/\"}}]}<\/script>\n<!-- \/ Yoast SEO plugin. -->","yoast_head_json":{"title":"CALENDRIER & R\u00c9SULTATS - Soci\u00e9t\u00e9 de Tir de Besan\u00e7on","robots":{"index":"index","follow":"follow","max-snippet":"max-snippet:-1","max-image-preview":"max-image-preview:large","max-video-preview":"max-video-preview:-1"},"canonical":"https:\/\/stbesancon.fr\/?page_id=216","og_locale":"fr_FR","og_type":"article","og_title":"CALENDRIER & R\u00c9SULTATS - Soci\u00e9t\u00e9 de Tir de Besan\u00e7on","og_description":"CALENDRIER : Vous trouverez ci-dessous les version t\u00e9l\u00e9chargeables des calendriers des comp\u00e9titions saison 2024-2025 ainsi que les Crit\u00e9riums : A &#8211; Calendrier des comp\u00e9titions D\u00e9partement du Doubs &#8211; Saison 2024-2025 B &#8211; Calendrier des comp\u00e9titions R\u00e9gion Franche-Comt\u00e9 &#8211; Saison 2024 &#8211; 2025\u00a0 RESULTATS : Vous trouverez ci-dessous les version t\u00e9l\u00e9chargeables des r\u00e9sultats des comp\u00e9titions saison&hellip; Lire la suite","og_url":"https:\/\/stbesancon.fr\/?page_id=216","og_site_name":"Soci\u00e9t\u00e9 de Tir de Besan\u00e7on","article_modified_time":"2024-12-02T16:11:51+00:00","twitter_card":"summary_large_image","twitter_misc":{"Dur\u00e9e de lecture estim\u00e9e":"1 minute"},"schema":{"@context":"https:\/\/schema.org","@graph":[{"@type":"WebPage","@id":"https:\/\/stbesancon.fr\/?page_id=216","url":"https:\/\/stbesancon.fr\/?page_id=216","name":"CALENDRIER & R\u00c9SULTATS - Soci\u00e9t\u00e9 de Tir de Besan\u00e7on","isPartOf":{"@id":"https:\/\/stbesancon.fr\/#website"},"datePublished":"2018-01-31T13:14:03+00:00","dateModified":"2024-12-02T16:11:51+00:00","breadcrumb":{"@id":"https:\/\/stbesancon.fr\/?page_id=216#breadcrumb"},"inLanguage":"fr-FR","potentialAction":[{"@type":"ReadAction","target":["https:\/\/stbesancon.fr\/?page_id=216"]}]},{"@type":"BreadcrumbList","@id":"https:\/\/stbesancon.fr\/?page_id=216#breadcrumb","itemListElement":[{"@type":"ListItem","position":1,"name":"Accueil","item":"https:\/\/stbesancon.fr\/"},{"@type":"ListItem","position":2,"name":"CALENDRIER &#038; R\u00c9SULTATS"}]},{"@type":"WebSite","@id":"https:\/\/stbesancon.fr\/#website","url":"https:\/\/stbesancon.fr\/","name":"Soci\u00e9t\u00e9 de Tir de Besan\u00e7on","description":"Club de tir sportif du Grand Besan\u00e7on","publisher":{"@id":"https:\/\/stbesancon.fr\/#organization"},"potentialAction":[{"@type":"SearchAction","target":{"@type":"EntryPoint","urlTemplate":"https:\/\/stbesancon.fr\/?s={search_term_string}"},"query-input":"required name=search_term_string"}],"inLanguage":"fr-FR"},{"@type":"Organization","@id":"https:\/\/stbesancon.fr\/#organization","name":"Soci\u00e9t\u00e9 de Tir de besan\u00e7on","url":"https:\/\/stbesancon.fr\/","logo":{"@type":"ImageObject","inLanguage":"fr-FR","@id":"https:\/\/stbesancon.fr\/#\/schema\/logo\/image\/","url":"https:\/\/stbesancon.fr\/wp-content\/uploads\/2018\/02\/LOGOSTB2small2.png","contentUrl":"https:\/\/stbesancon.fr\/wp-content\/uploads\/2018\/02\/LOGOSTB2small2.png","width":180,"height":177,"caption":"Soci\u00e9t\u00e9 de Tir de besan\u00e7on"},"image":{"@id":"https:\/\/stbesancon.fr\/#\/schema\/logo\/image\/"}}]}},"_links":{"self":[{"href":"https:\/\/stbesancon.fr\/index.php?rest_route=\/wp\/v2\/pages\/216"}],"collection":[{"href":"https:\/\/stbesancon.fr\/index.php?rest_route=\/wp\/v2\/pages"}],"about":[{"href":"https:\/\/stbesancon.fr\/index.php?rest_route=\/wp\/v2\/types\/page"}],"author":[{"embeddable":true,"href":"https:\/\/stbesancon.fr\/index.php?rest_route=\/wp\/v2\/users\/1"}],"replies":[{"embeddable":true,"href":"https:\/\/stbesancon.fr\/index.php?rest_route=%2Fwp%2Fv2%2Fcomments&post=216"}],"version-history":[{"count":18,"href":"https:\/\/stbesancon.fr\/index.php?rest_route=\/wp\/v2\/pages\/216\/revisions"}],"predecessor-version":[{"id":2111,"href":"https:\/\/stbesancon.fr\/index.php?rest_route=\/wp\/v2\/pages\/216\/revisions\/2111"}],"wp:attachment":[{"href":"https:\/\/stbesancon.fr\/index.php?rest_route=%2Fwp%2Fv2%2Fmedia&parent=216"}],"curies":[{"name":"wp","href":"https:\/\/api.w.org\/{rel}","templated":true}]}}