{"id":253,"date":"2018-02-01T23:13:01","date_gmt":"2018-02-01T22:13:01","guid":{"rendered":"http:\/\/stbesancon.fr\/?page_id=253"},"modified":"2024-12-02T17:17:14","modified_gmt":"2024-12-02T16:17:14","slug":"contact","status":"publish","type":"page","link":"https:\/\/stbesancon.fr\/?page_id=253","title":{"rendered":"CONTACT"},"content":{"rendered":"<h3 style=\"text-align: center;\">Pour nous contacter, \u00e9crivez \u00e0 : <span style=\"color: #ff0000;\"><a style=\"color: #ff0000;\" href=\"mailto:stb.contact@orange.fr\">stb.contact@orange.fr<\/a>\u00a0<\/span><\/h3>\n<ul>\n<li>\n<h3><strong>S\u00c9ANCE D&rsquo;ESSAI &amp; ECOLE DE TIR ADULTE :\u00a0<\/strong><\/h3>\n<\/li>\n<\/ul>\n<h4><b><span style=\"color: #ff0000;\">Pour une prise de rendez-vous pour une s\u00e9ance d&rsquo;essai<\/span> ou pour tout renseignement concernant l&rsquo;\u00e9cole de tir adulte<span style=\"color: #ff0000;\"> merci de nous contacter\u00a0 \u00e0 l&rsquo;adresse suivante<\/span> :\u00a0 <\/b><a style=\"font-weight: bold;\" href=\"mailto:stb.essai@laposte.net\">stb.essai@laposte.net<\/a><\/h4>\n<h4>Pour des informations sur les <span style=\"color: #ff0000;\">modalit\u00e9s d&rsquo;inscription<\/span> :\u00a0 <a style=\"font-weight: bold;\" href=\"mailto:stb.contact@orange.fr\">stb.contact@orange.fr<\/a><\/h4>\n<ul>\n<li>\n<h3><strong>S\u00c9ANCES D\u00c9COUVERTE (GROUPES \/ INDIVIDUELS)\u00a0<\/strong><\/h3>\n<\/li>\n<\/ul>\n<p><strong>Pour tout renseignements ou r\u00e9servation d&rsquo;une s\u00e9ance de groupe (comit\u00e9 d&rsquo;entreprise &#8230;) merci de nous contacter \u00e0 l&rsquo;adresse suivante afin d&rsquo;\u00e9tablir un devis :\u00a0 <a href=\"mailto:depc25@gmail.com\" target=\"_blank\" rel=\"noopener\">stb.animation@orange.fr<\/a><\/strong><\/p>\n<ul>\n<li>\n<h3><span style=\"color: #0000ff;\"><a style=\"color: #0000ff;\" href=\"https:\/\/www.facebook.com\/tirbesancon\" target=\"_blank\" rel=\"noopener\"><strong>SUIVEZ-NOUS SUR FACEBOOK !<\/strong><\/a><\/span><\/h3>\n<\/li>\n<li>\n<h3><strong>RENSEIGNEMENTS DIVERS :<\/strong><\/h3>\n<\/li>\n<\/ul>\n<p>pour tout autre demande de renseignement merci d&rsquo;utiliser le formulaire ci-dessous :<\/p>\n<p>\u00a0<\/p>\n\n<div class=\"wpforms-container wpforms-container-full wpforms-block wpforms-block-d1b2cf16-1cbf-4f79-b41f-3761e716ae62\" id=\"wpforms-1145\"><form id=\"wpforms-form-1145\" class=\"wpforms-validate wpforms-form\" data-formid=\"1145\" method=\"post\" enctype=\"multipart\/form-data\" action=\"\/index.php?rest_route=%2Fwp%2Fv2%2Fpages%2F253\" data-token=\"9a852e5b1fcf184062a71b22efa3aa7a\" data-token-time=\"1776952616\"><noscript class=\"wpforms-error-noscript\">Veuillez activer JavaScript dans votre navigateur pour remplir ce formulaire.<\/noscript><div class=\"wpforms-field-container\"><div id=\"wpforms-1145-field_1-container\" class=\"wpforms-field wpforms-field-name\" data-field-id=\"1\"><label class=\"wpforms-field-label\" for=\"wpforms-1145-field_1\">Nom <span class=\"wpforms-required-label\">*<\/span><\/label><input type=\"text\" id=\"wpforms-1145-field_1\" class=\"wpforms-field-medium wpforms-field-required\" name=\"wpforms[fields][1]\" required><\/div><div id=\"wpforms-1145-field_2-container\" class=\"wpforms-field wpforms-field-email\" data-field-id=\"2\"><label class=\"wpforms-field-label\" for=\"wpforms-1145-field_2\">Email <span class=\"wpforms-required-label\">*<\/span><\/label><input type=\"email\" id=\"wpforms-1145-field_2\" class=\"wpforms-field-medium wpforms-field-required\" name=\"wpforms[fields][2]\" spellcheck=\"false\" required><\/div><div id=\"wpforms-1145-field_3-container\" class=\"wpforms-field wpforms-field-text\" data-field-id=\"3\"><label class=\"wpforms-field-label\" for=\"wpforms-1145-field_3\">Sujet <span class=\"wpforms-required-label\">*<\/span><\/label><input type=\"text\" id=\"wpforms-1145-field_3\" class=\"wpforms-field-medium wpforms-field-required\" name=\"wpforms[fields][3]\" required><\/div><div id=\"wpforms-1145-field_4-container\" class=\"wpforms-field wpforms-field-textarea\" data-field-id=\"4\"><label class=\"wpforms-field-label\" for=\"wpforms-1145-field_4\">Votre message <span class=\"wpforms-required-label\">*<\/span><\/label><textarea id=\"wpforms-1145-field_4\" class=\"wpforms-field-medium wpforms-field-required\" name=\"wpforms[fields][4]\" required><\/textarea><\/div><div id=\"wpforms-1145-field_5-container\" class=\"wpforms-field wpforms-field-gdpr-checkbox\" data-field-id=\"5\"><label class=\"wpforms-field-label\">Accord RGPD <span class=\"wpforms-required-label\">*<\/span><\/label><ul id=\"wpforms-1145-field_5\" class=\"wpforms-field-required\"><li class=\"choice-1\"><input type=\"checkbox\" id=\"wpforms-1145-field_5_1\" name=\"wpforms[fields][5][]\" value=\"Je consens \u00e0 ce que ce site stocke mes informations envoy\u00e9es afin qu\u2019ils puissent r\u00e9pondre \u00e0 ma requ\u00eate.\" required ><label class=\"wpforms-field-label-inline\" for=\"wpforms-1145-field_5_1\">Je consens \u00e0 ce que ce site stocke mes informations envoy\u00e9es afin qu\u2019ils puissent r\u00e9pondre \u00e0 ma requ\u00eate.<\/label><\/li><\/ul><\/div><\/div><!-- .wpforms-field-container --><div class=\"wpforms-submit-container\" ><input type=\"hidden\" name=\"wpforms[id]\" value=\"1145\"><input type=\"hidden\" name=\"page_title\" value=\"\"><input type=\"hidden\" name=\"page_url\" value=\"https:\/\/stbesancon.fr\/index.php?rest_route=\/wp\/v2\/pages\/253\"><input type=\"hidden\" name=\"url_referer\" value=\"\"><button type=\"submit\" name=\"wpforms[submit]\" id=\"wpforms-submit-1145\" class=\"wpforms-submit\" data-alt-text=\"Envoi\" data-submit-text=\"Envoyer le message\" aria-live=\"assertive\" value=\"wpforms-submit\">Envoyer le message<\/button><\/div><\/form><\/div>  <!-- .wpforms-container -->","protected":false},"excerpt":{"rendered":"<p>Pour nous contacter, \u00e9crivez \u00e0 : stb.contact@orange.fr\u00a0 S\u00c9ANCE D&rsquo;ESSAI &amp; ECOLE DE TIR ADULTE :\u00a0 Pour une prise de rendez-vous pour une s\u00e9ance d&rsquo;essai ou pour tout renseignement concernant l&rsquo;\u00e9cole de tir adulte merci de nous contacter\u00a0 \u00e0 l&rsquo;adresse suivante :\u00a0 stb.essai@laposte.net Pour des informations sur les modalit\u00e9s d&rsquo;inscription :\u00a0 stb.contact@orange.fr S\u00c9ANCES D\u00c9COUVERTE (GROUPES \/&hellip; <br \/> <a class=\"button small blue\" href=\"https:\/\/stbesancon.fr\/?page_id=253\">Lire la suite<\/a><\/p>\n","protected":false},"author":1,"featured_media":0,"parent":0,"menu_order":0,"comment_status":"closed","ping_status":"closed","template":"","meta":[],"yoast_head":"<!-- This site is optimized with the Yoast SEO plugin v20.6 - https:\/\/yoast.com\/wordpress\/plugins\/seo\/ -->\n<title>CONTACT - Soci\u00e9t\u00e9 de Tir de Besan\u00e7on<\/title>\n<meta name=\"robots\" content=\"index, follow, max-snippet:-1, max-image-preview:large, max-video-preview:-1\" \/>\n<link rel=\"canonical\" href=\"https:\/\/stbesancon.fr\/?page_id=253\" \/>\n<meta property=\"og:locale\" content=\"fr_FR\" \/>\n<meta property=\"og:type\" content=\"article\" \/>\n<meta property=\"og:title\" content=\"CONTACT - Soci\u00e9t\u00e9 de Tir de Besan\u00e7on\" \/>\n<meta property=\"og:description\" content=\"Pour nous contacter, \u00e9crivez \u00e0 : stb.contact@orange.fr\u00a0 S\u00c9ANCE D&rsquo;ESSAI &amp; ECOLE DE TIR ADULTE :\u00a0 Pour une prise de rendez-vous pour une s\u00e9ance d&rsquo;essai ou pour tout renseignement concernant l&rsquo;\u00e9cole de tir adulte merci de nous contacter\u00a0 \u00e0 l&rsquo;adresse suivante :\u00a0 stb.essai@laposte.net Pour des informations sur les modalit\u00e9s d&rsquo;inscription :\u00a0 stb.contact@orange.fr S\u00c9ANCES D\u00c9COUVERTE (GROUPES \/&hellip; Lire la suite\" \/>\n<meta property=\"og:url\" content=\"https:\/\/stbesancon.fr\/?page_id=253\" \/>\n<meta property=\"og:site_name\" content=\"Soci\u00e9t\u00e9 de Tir de Besan\u00e7on\" \/>\n<meta property=\"article:modified_time\" content=\"2024-12-02T16:17:14+00:00\" \/>\n<meta name=\"twitter:card\" content=\"summary_large_image\" \/>\n<meta name=\"twitter:label1\" content=\"Dur\u00e9e de lecture estim\u00e9e\" \/>\n\t<meta name=\"twitter:data1\" content=\"1 minute\" \/>\n<script type=\"application\/ld+json\" class=\"yoast-schema-graph\">{\"@context\":\"https:\/\/schema.org\",\"@graph\":[{\"@type\":\"WebPage\",\"@id\":\"https:\/\/stbesancon.fr\/?page_id=253\",\"url\":\"https:\/\/stbesancon.fr\/?page_id=253\",\"name\":\"CONTACT - Soci\u00e9t\u00e9 de Tir de Besan\u00e7on\",\"isPartOf\":{\"@id\":\"https:\/\/stbesancon.fr\/#website\"},\"datePublished\":\"2018-02-01T22:13:01+00:00\",\"dateModified\":\"2024-12-02T16:17:14+00:00\",\"breadcrumb\":{\"@id\":\"https:\/\/stbesancon.fr\/?page_id=253#breadcrumb\"},\"inLanguage\":\"fr-FR\",\"potentialAction\":[{\"@type\":\"ReadAction\",\"target\":[\"https:\/\/stbesancon.fr\/?page_id=253\"]}]},{\"@type\":\"BreadcrumbList\",\"@id\":\"https:\/\/stbesancon.fr\/?page_id=253#breadcrumb\",\"itemListElement\":[{\"@type\":\"ListItem\",\"position\":1,\"name\":\"Accueil\",\"item\":\"https:\/\/stbesancon.fr\/\"},{\"@type\":\"ListItem\",\"position\":2,\"name\":\"CONTACT\"}]},{\"@type\":\"WebSite\",\"@id\":\"https:\/\/stbesancon.fr\/#website\",\"url\":\"https:\/\/stbesancon.fr\/\",\"name\":\"Soci\u00e9t\u00e9 de Tir de Besan\u00e7on\",\"description\":\"Club de tir sportif du Grand Besan\u00e7on\",\"publisher\":{\"@id\":\"https:\/\/stbesancon.fr\/#organization\"},\"potentialAction\":[{\"@type\":\"SearchAction\",\"target\":{\"@type\":\"EntryPoint\",\"urlTemplate\":\"https:\/\/stbesancon.fr\/?s={search_term_string}\"},\"query-input\":\"required name=search_term_string\"}],\"inLanguage\":\"fr-FR\"},{\"@type\":\"Organization\",\"@id\":\"https:\/\/stbesancon.fr\/#organization\",\"name\":\"Soci\u00e9t\u00e9 de Tir de besan\u00e7on\",\"url\":\"https:\/\/stbesancon.fr\/\",\"logo\":{\"@type\":\"ImageObject\",\"inLanguage\":\"fr-FR\",\"@id\":\"https:\/\/stbesancon.fr\/#\/schema\/logo\/image\/\",\"url\":\"https:\/\/stbesancon.fr\/wp-content\/uploads\/2018\/02\/LOGOSTB2small2.png\",\"contentUrl\":\"https:\/\/stbesancon.fr\/wp-content\/uploads\/2018\/02\/LOGOSTB2small2.png\",\"width\":180,\"height\":177,\"caption\":\"Soci\u00e9t\u00e9 de Tir de besan\u00e7on\"},\"image\":{\"@id\":\"https:\/\/stbesancon.fr\/#\/schema\/logo\/image\/\"}}]}<\/script>\n<!-- \/ Yoast SEO plugin. -->","yoast_head_json":{"title":"CONTACT - Soci\u00e9t\u00e9 de Tir de Besan\u00e7on","robots":{"index":"index","follow":"follow","max-snippet":"max-snippet:-1","max-image-preview":"max-image-preview:large","max-video-preview":"max-video-preview:-1"},"canonical":"https:\/\/stbesancon.fr\/?page_id=253","og_locale":"fr_FR","og_type":"article","og_title":"CONTACT - Soci\u00e9t\u00e9 de Tir de Besan\u00e7on","og_description":"Pour nous contacter, \u00e9crivez \u00e0 : stb.contact@orange.fr\u00a0 S\u00c9ANCE D&rsquo;ESSAI &amp; ECOLE DE TIR ADULTE :\u00a0 Pour une prise de rendez-vous pour une s\u00e9ance d&rsquo;essai ou pour tout renseignement concernant l&rsquo;\u00e9cole de tir adulte merci de nous contacter\u00a0 \u00e0 l&rsquo;adresse suivante :\u00a0 stb.essai@laposte.net Pour des informations sur les modalit\u00e9s d&rsquo;inscription :\u00a0 stb.contact@orange.fr S\u00c9ANCES D\u00c9COUVERTE (GROUPES \/&hellip; Lire la suite","og_url":"https:\/\/stbesancon.fr\/?page_id=253","og_site_name":"Soci\u00e9t\u00e9 de Tir de Besan\u00e7on","article_modified_time":"2024-12-02T16:17:14+00:00","twitter_card":"summary_large_image","twitter_misc":{"Dur\u00e9e de lecture estim\u00e9e":"1 minute"},"schema":{"@context":"https:\/\/schema.org","@graph":[{"@type":"WebPage","@id":"https:\/\/stbesancon.fr\/?page_id=253","url":"https:\/\/stbesancon.fr\/?page_id=253","name":"CONTACT - Soci\u00e9t\u00e9 de Tir de Besan\u00e7on","isPartOf":{"@id":"https:\/\/stbesancon.fr\/#website"},"datePublished":"2018-02-01T22:13:01+00:00","dateModified":"2024-12-02T16:17:14+00:00","breadcrumb":{"@id":"https:\/\/stbesancon.fr\/?page_id=253#breadcrumb"},"inLanguage":"fr-FR","potentialAction":[{"@type":"ReadAction","target":["https:\/\/stbesancon.fr\/?page_id=253"]}]},{"@type":"BreadcrumbList","@id":"https:\/\/stbesancon.fr\/?page_id=253#breadcrumb","itemListElement":[{"@type":"ListItem","position":1,"name":"Accueil","item":"https:\/\/stbesancon.fr\/"},{"@type":"ListItem","position":2,"name":"CONTACT"}]},{"@type":"WebSite","@id":"https:\/\/stbesancon.fr\/#website","url":"https:\/\/stbesancon.fr\/","name":"Soci\u00e9t\u00e9 de Tir de Besan\u00e7on","description":"Club de tir sportif du Grand Besan\u00e7on","publisher":{"@id":"https:\/\/stbesancon.fr\/#organization"},"potentialAction":[{"@type":"SearchAction","target":{"@type":"EntryPoint","urlTemplate":"https:\/\/stbesancon.fr\/?s={search_term_string}"},"query-input":"required name=search_term_string"}],"inLanguage":"fr-FR"},{"@type":"Organization","@id":"https:\/\/stbesancon.fr\/#organization","name":"Soci\u00e9t\u00e9 de Tir de besan\u00e7on","url":"https:\/\/stbesancon.fr\/","logo":{"@type":"ImageObject","inLanguage":"fr-FR","@id":"https:\/\/stbesancon.fr\/#\/schema\/logo\/image\/","url":"https:\/\/stbesancon.fr\/wp-content\/uploads\/2018\/02\/LOGOSTB2small2.png","contentUrl":"https:\/\/stbesancon.fr\/wp-content\/uploads\/2018\/02\/LOGOSTB2small2.png","width":180,"height":177,"caption":"Soci\u00e9t\u00e9 de Tir de besan\u00e7on"},"image":{"@id":"https:\/\/stbesancon.fr\/#\/schema\/logo\/image\/"}}]}},"_links":{"self":[{"href":"https:\/\/stbesancon.fr\/index.php?rest_route=\/wp\/v2\/pages\/253"}],"collection":[{"href":"https:\/\/stbesancon.fr\/index.php?rest_route=\/wp\/v2\/pages"}],"about":[{"href":"https:\/\/stbesancon.fr\/index.php?rest_route=\/wp\/v2\/types\/page"}],"author":[{"embeddable":true,"href":"https:\/\/stbesancon.fr\/index.php?rest_route=\/wp\/v2\/users\/1"}],"replies":[{"embeddable":true,"href":"https:\/\/stbesancon.fr\/index.php?rest_route=%2Fwp%2Fv2%2Fcomments&post=253"}],"version-history":[{"count":14,"href":"https:\/\/stbesancon.fr\/index.php?rest_route=\/wp\/v2\/pages\/253\/revisions"}],"predecessor-version":[{"id":2114,"href":"https:\/\/stbesancon.fr\/index.php?rest_route=\/wp\/v2\/pages\/253\/revisions\/2114"}],"wp:attachment":[{"href":"https:\/\/stbesancon.fr\/index.php?rest_route=%2Fwp%2Fv2%2Fmedia&parent=253"}],"curies":[{"name":"wp","href":"https:\/\/api.w.org\/{rel}","templated":true}]}}