{"id":274,"date":"2018-02-02T00:00:39","date_gmt":"2018-02-01T23:00:39","guid":{"rendered":"http:\/\/stbesancon.fr\/?page_id=274"},"modified":"2024-12-02T17:01:18","modified_gmt":"2024-12-02T16:01:18","slug":"historique","status":"publish","type":"page","link":"https:\/\/stbesancon.fr\/?page_id=274","title":{"rendered":"PRESENTATION"},"content":{"rendered":"\n<figure class=\"wp-block-image size-large\"><a href=\"https:\/\/stbesancon.fr\/wp-content\/uploads\/2024\/12\/Brochure-3-volets-presentation-STB-V9_Page_1.jpg\"><img loading=\"lazy\" width=\"1024\" height=\"725\" src=\"https:\/\/stbesancon.fr\/wp-content\/uploads\/2024\/12\/Brochure-3-volets-presentation-STB-V9_Page_1-1024x725.jpg\" alt=\"brochure pr\u00e9sentation STB\" class=\"wp-image-2092\" srcset=\"https:\/\/stbesancon.fr\/wp-content\/uploads\/2024\/12\/Brochure-3-volets-presentation-STB-V9_Page_1-1024x725.jpg 1024w, https:\/\/stbesancon.fr\/wp-content\/uploads\/2024\/12\/Brochure-3-volets-presentation-STB-V9_Page_1-300x212.jpg 300w, https:\/\/stbesancon.fr\/wp-content\/uploads\/2024\/12\/Brochure-3-volets-presentation-STB-V9_Page_1-768x543.jpg 768w, https:\/\/stbesancon.fr\/wp-content\/uploads\/2024\/12\/Brochure-3-volets-presentation-STB-V9_Page_1-1536x1087.jpg 1536w, https:\/\/stbesancon.fr\/wp-content\/uploads\/2024\/12\/Brochure-3-volets-presentation-STB-V9_Page_1-1526x1080.jpg 1526w, https:\/\/stbesancon.fr\/wp-content\/uploads\/2024\/12\/Brochure-3-volets-presentation-STB-V9_Page_1.jpg 1754w\" sizes=\"(max-width: 1024px) 100vw, 1024px\" \/><\/a><figcaption>brochure pr\u00e9sentation STB<\/figcaption><\/figure>\n\n\n\n<p><a href=\"https:\/\/stbesancon.fr\/wp-content\/uploads\/2024\/12\/Brochure-3-volets-presentation-STB-V8.pdf\">Cliquez ici ou sur l&rsquo;image pour t\u00e9l\u00e9charger la brochure<\/a><\/p>\n","protected":false},"excerpt":{"rendered":"<p>Cliquez ici ou sur l&rsquo;image pour t\u00e9l\u00e9charger la brochure<\/p>\n","protected":false},"author":1,"featured_media":0,"parent":0,"menu_order":0,"comment_status":"closed","ping_status":"closed","template":"","meta":[],"yoast_head":"<!-- This site is optimized with the Yoast SEO plugin v20.6 - https:\/\/yoast.com\/wordpress\/plugins\/seo\/ -->\n<title>PRESENTATION - Soci\u00e9t\u00e9 de Tir de Besan\u00e7on<\/title>\n<meta name=\"description\" content=\"club de tir sportif de Besan\u00e7on\" \/>\n<meta name=\"robots\" content=\"index, follow, max-snippet:-1, max-image-preview:large, max-video-preview:-1\" \/>\n<link rel=\"canonical\" href=\"https:\/\/stbesancon.fr\/?page_id=274\" \/>\n<meta property=\"og:locale\" content=\"fr_FR\" \/>\n<meta property=\"og:type\" content=\"article\" \/>\n<meta property=\"og:title\" content=\"PRESENTATION - Soci\u00e9t\u00e9 de Tir de Besan\u00e7on\" \/>\n<meta property=\"og:description\" content=\"club de tir sportif de Besan\u00e7on\" \/>\n<meta property=\"og:url\" content=\"https:\/\/stbesancon.fr\/?page_id=274\" \/>\n<meta property=\"og:site_name\" content=\"Soci\u00e9t\u00e9 de Tir de Besan\u00e7on\" \/>\n<meta property=\"article:modified_time\" content=\"2024-12-02T16:01:18+00:00\" \/>\n<meta property=\"og:image\" content=\"https:\/\/stbesancon.fr\/wp-content\/uploads\/2024\/12\/Brochure-3-volets-presentation-STB-V9_Page_1-1024x725.jpg\" \/>\n<meta name=\"twitter:card\" content=\"summary_large_image\" \/>\n<meta name=\"twitter:label1\" content=\"Dur\u00e9e de lecture estim\u00e9e\" \/>\n\t<meta name=\"twitter:data1\" content=\"1 minute\" \/>\n<script type=\"application\/ld+json\" class=\"yoast-schema-graph\">{\"@context\":\"https:\/\/schema.org\",\"@graph\":[{\"@type\":\"WebPage\",\"@id\":\"https:\/\/stbesancon.fr\/?page_id=274\",\"url\":\"https:\/\/stbesancon.fr\/?page_id=274\",\"name\":\"PRESENTATION - Soci\u00e9t\u00e9 de Tir de Besan\u00e7on\",\"isPartOf\":{\"@id\":\"https:\/\/stbesancon.fr\/#website\"},\"datePublished\":\"2018-02-01T23:00:39+00:00\",\"dateModified\":\"2024-12-02T16:01:18+00:00\",\"description\":\"club de tir sportif de Besan\u00e7on\",\"breadcrumb\":{\"@id\":\"https:\/\/stbesancon.fr\/?page_id=274#breadcrumb\"},\"inLanguage\":\"fr-FR\",\"potentialAction\":[{\"@type\":\"ReadAction\",\"target\":[\"https:\/\/stbesancon.fr\/?page_id=274\"]}]},{\"@type\":\"BreadcrumbList\",\"@id\":\"https:\/\/stbesancon.fr\/?page_id=274#breadcrumb\",\"itemListElement\":[{\"@type\":\"ListItem\",\"position\":1,\"name\":\"Accueil\",\"item\":\"https:\/\/stbesancon.fr\/\"},{\"@type\":\"ListItem\",\"position\":2,\"name\":\"PRESENTATION\"}]},{\"@type\":\"WebSite\",\"@id\":\"https:\/\/stbesancon.fr\/#website\",\"url\":\"https:\/\/stbesancon.fr\/\",\"name\":\"Soci\u00e9t\u00e9 de Tir de Besan\u00e7on\",\"description\":\"Club de tir sportif du Grand Besan\u00e7on\",\"publisher\":{\"@id\":\"https:\/\/stbesancon.fr\/#organization\"},\"potentialAction\":[{\"@type\":\"SearchAction\",\"target\":{\"@type\":\"EntryPoint\",\"urlTemplate\":\"https:\/\/stbesancon.fr\/?s={search_term_string}\"},\"query-input\":\"required name=search_term_string\"}],\"inLanguage\":\"fr-FR\"},{\"@type\":\"Organization\",\"@id\":\"https:\/\/stbesancon.fr\/#organization\",\"name\":\"Soci\u00e9t\u00e9 de Tir de besan\u00e7on\",\"url\":\"https:\/\/stbesancon.fr\/\",\"logo\":{\"@type\":\"ImageObject\",\"inLanguage\":\"fr-FR\",\"@id\":\"https:\/\/stbesancon.fr\/#\/schema\/logo\/image\/\",\"url\":\"https:\/\/stbesancon.fr\/wp-content\/uploads\/2018\/02\/LOGOSTB2small2.png\",\"contentUrl\":\"https:\/\/stbesancon.fr\/wp-content\/uploads\/2018\/02\/LOGOSTB2small2.png\",\"width\":180,\"height\":177,\"caption\":\"Soci\u00e9t\u00e9 de Tir de besan\u00e7on\"},\"image\":{\"@id\":\"https:\/\/stbesancon.fr\/#\/schema\/logo\/image\/\"}}]}<\/script>\n<!-- \/ Yoast SEO plugin. -->","yoast_head_json":{"title":"PRESENTATION - Soci\u00e9t\u00e9 de Tir de Besan\u00e7on","description":"club de tir sportif de Besan\u00e7on","robots":{"index":"index","follow":"follow","max-snippet":"max-snippet:-1","max-image-preview":"max-image-preview:large","max-video-preview":"max-video-preview:-1"},"canonical":"https:\/\/stbesancon.fr\/?page_id=274","og_locale":"fr_FR","og_type":"article","og_title":"PRESENTATION - Soci\u00e9t\u00e9 de Tir de Besan\u00e7on","og_description":"club de tir sportif de Besan\u00e7on","og_url":"https:\/\/stbesancon.fr\/?page_id=274","og_site_name":"Soci\u00e9t\u00e9 de Tir de Besan\u00e7on","article_modified_time":"2024-12-02T16:01:18+00:00","og_image":[{"url":"https:\/\/stbesancon.fr\/wp-content\/uploads\/2024\/12\/Brochure-3-volets-presentation-STB-V9_Page_1-1024x725.jpg"}],"twitter_card":"summary_large_image","twitter_misc":{"Dur\u00e9e de lecture estim\u00e9e":"1 minute"},"schema":{"@context":"https:\/\/schema.org","@graph":[{"@type":"WebPage","@id":"https:\/\/stbesancon.fr\/?page_id=274","url":"https:\/\/stbesancon.fr\/?page_id=274","name":"PRESENTATION - Soci\u00e9t\u00e9 de Tir de Besan\u00e7on","isPartOf":{"@id":"https:\/\/stbesancon.fr\/#website"},"datePublished":"2018-02-01T23:00:39+00:00","dateModified":"2024-12-02T16:01:18+00:00","description":"club de tir sportif de Besan\u00e7on","breadcrumb":{"@id":"https:\/\/stbesancon.fr\/?page_id=274#breadcrumb"},"inLanguage":"fr-FR","potentialAction":[{"@type":"ReadAction","target":["https:\/\/stbesancon.fr\/?page_id=274"]}]},{"@type":"BreadcrumbList","@id":"https:\/\/stbesancon.fr\/?page_id=274#breadcrumb","itemListElement":[{"@type":"ListItem","position":1,"name":"Accueil","item":"https:\/\/stbesancon.fr\/"},{"@type":"ListItem","position":2,"name":"PRESENTATION"}]},{"@type":"WebSite","@id":"https:\/\/stbesancon.fr\/#website","url":"https:\/\/stbesancon.fr\/","name":"Soci\u00e9t\u00e9 de Tir de Besan\u00e7on","description":"Club de tir sportif du Grand Besan\u00e7on","publisher":{"@id":"https:\/\/stbesancon.fr\/#organization"},"potentialAction":[{"@type":"SearchAction","target":{"@type":"EntryPoint","urlTemplate":"https:\/\/stbesancon.fr\/?s={search_term_string}"},"query-input":"required name=search_term_string"}],"inLanguage":"fr-FR"},{"@type":"Organization","@id":"https:\/\/stbesancon.fr\/#organization","name":"Soci\u00e9t\u00e9 de Tir de besan\u00e7on","url":"https:\/\/stbesancon.fr\/","logo":{"@type":"ImageObject","inLanguage":"fr-FR","@id":"https:\/\/stbesancon.fr\/#\/schema\/logo\/image\/","url":"https:\/\/stbesancon.fr\/wp-content\/uploads\/2018\/02\/LOGOSTB2small2.png","contentUrl":"https:\/\/stbesancon.fr\/wp-content\/uploads\/2018\/02\/LOGOSTB2small2.png","width":180,"height":177,"caption":"Soci\u00e9t\u00e9 de Tir de besan\u00e7on"},"image":{"@id":"https:\/\/stbesancon.fr\/#\/schema\/logo\/image\/"}}]}},"_links":{"self":[{"href":"https:\/\/stbesancon.fr\/index.php?rest_route=\/wp\/v2\/pages\/274"}],"collection":[{"href":"https:\/\/stbesancon.fr\/index.php?rest_route=\/wp\/v2\/pages"}],"about":[{"href":"https:\/\/stbesancon.fr\/index.php?rest_route=\/wp\/v2\/types\/page"}],"author":[{"embeddable":true,"href":"https:\/\/stbesancon.fr\/index.php?rest_route=\/wp\/v2\/users\/1"}],"replies":[{"embeddable":true,"href":"https:\/\/stbesancon.fr\/index.php?rest_route=%2Fwp%2Fv2%2Fcomments&post=274"}],"version-history":[{"count":16,"href":"https:\/\/stbesancon.fr\/index.php?rest_route=\/wp\/v2\/pages\/274\/revisions"}],"predecessor-version":[{"id":2097,"href":"https:\/\/stbesancon.fr\/index.php?rest_route=\/wp\/v2\/pages\/274\/revisions\/2097"}],"wp:attachment":[{"href":"https:\/\/stbesancon.fr\/index.php?rest_route=%2Fwp%2Fv2%2Fmedia&parent=274"}],"curies":[{"name":"wp","href":"https:\/\/api.w.org\/{rel}","templated":true}]}}