{"id":58,"date":"2017-10-26T21:41:51","date_gmt":"2017-10-26T19:41:51","guid":{"rendered":"http:\/\/stbesancon.fr\/?page_id=58"},"modified":"2024-12-02T16:52:41","modified_gmt":"2024-12-02T15:52:41","slug":"le-club","status":"publish","type":"page","link":"https:\/\/stbesancon.fr\/?page_id=58","title":{"rendered":"LE CLUB"},"content":{"rendered":"<p class=\"title\"><strong>La Soci\u00e9t\u00e9 de Tir de Besan\u00e7on est n\u00e9e en 2003 de la fusion des 4 clubs civils qui cohabitaient jusqu\u2019alors dans la capitale de franche-comt\u00e9. Cette fusion a permis de mutualiser les moyens et locaux dont disposaient chacun des clubs, et surtout de mener \u00e0 bien aupr\u00e8s des autorit\u00e9s administratives locales des dossiers visant au d\u00e9veloppement du tir sportif en Franche-comt\u00e9.<\/strong><\/p>\n<p><strong>Les anciens stands de tir \u00e0 10m (air comprim\u00e9) du coll\u00e8ge Voltaire (UTINAM) et de la Tour de la Pelote ont ainsi \u00e9t\u00e9 restitu\u00e9s. La Ville de Besan\u00e7on a en contrepartie construit des installations neuves sur le stade du Rosemont : Notre club y dispose d\u00e9sormais d\u2019un stand <q>air comprim\u00e9<\/q> de 2 x 10 postes de tirs, permettant l\u2019accueil de comp\u00e9titions officielles FFtir. D&rsquo;importants travaux sont en cours pour conserver et am\u00e9nager notre stand 25 \/50 m (ext\u00e9rieur) du fort de Chaudanne, en termes de s\u00e9curit\u00e9 et de nuisances sonores.<\/strong><\/p>\n<h2 style=\"text-align: justify;\">STATUTS &amp; REGLEMENT INTERIEUR<\/h2>\n<p>Les statuts de l&rsquo;association, ainsi que son r\u00e8glement int\u00e9rieur sont disponibles en t\u00e9l\u00e9chargement, au format PDF.<\/p>\n<a href=\"https:\/\/stbesancon.fr\/wp-content\/uploads\/2017\/10\/rglt_interieurSTB.pdf\" target=\"_blank\" class=\" magee-shortcode magee-btn-normal button-fbr7tp btn-md\" id=\"\">R\u00e8glement int\u00e9rieur<\/a>\n<a href=\"https:\/\/stbesancon.fr\/wp-content\/uploads\/2017\/10\/statutsSTB.pdf\" target=\"_blank\" class=\" magee-shortcode magee-btn-normal button-yask9g btn-md\" id=\"\">Statuts du Club<\/a>\n<h2 style=\"text-align: justify;\">S\u00c9ANCES D&rsquo;ESSAI :<\/h2>\n<p style=\"text-align: justify;\">Les s\u00e9ances d&rsquo;essai se d\u00e9roulent le Jeudi de 18h \u00e0 20h au stand du Rosemont. <span style=\"color: red;\"><b>Pour toute s\u00e9ance d&rsquo;essai merci de prendre rendez-vous EXCLUSIVEMENT par e-mail <a href=\"mailto:stb.essai@laposte.net\">(stb.essai@laposte.net)<\/a> en indiquant vos nom, pr\u00e9nom, \u00e2ge et num\u00e9ro de t\u00e9l\u00e9phone. <\/b><\/span>En raison du nombre important de demandes, aucune s\u00e9ance ne sera possible sans prise de rendez-vous pr\u00e9alable.<\/p>\n<p>Nous sommes toujours heureux de r\u00e9pondre aux sollicitations de collectivit\u00e9s locales ou d&rsquo;associations pour participer \u00e0 l&rsquo;animation de manifestations publiques gr\u00e2ce \u00e0 notre stand de tir 10m (air comprim\u00e9) mobile, et nos moniteurs agr\u00e9\u00e9s FFTir. Un bon moyen de faire d\u00e9couvrir notre activit\u00e9 de fa\u00e7on ludique, en contentant petits et grands, dans un cadre s\u00e9curis\u00e9. Contactez-nous pour envisager ensemble votre projet !<\/p>\n<h2 class=\"title\" style=\"text-align: justify;\">SOIREES DECOUVERTE DU TIR SPORTIF<\/h2>\n<p style=\"text-align: justify;\">Vous faites partie d&rsquo;une collectivit\u00e9, d&rsquo;un comit\u00e9 d&rsquo;entreprise ou plus simplement vous d\u00e9sirez d\u00e9couvrir le tir en famille; La STB propose \u00e0 votre groupe des soir\u00e9es d\u00e9couvertes du tir sportif \u00e0 l&rsquo;air comprim\u00e9 et aux armes \u00e0 feu, encadr\u00e9s par des moniteurs agr\u00e9\u00e9s FFTir.<br \/>\n<b>Pour tout renseignement compl\u00e9mentaire n&rsquo;h\u00e9sitez pas \u00e0 nous contacter \u00e0 l&rsquo;adresse suivante : <a href=\"mailto:depc25@gmail.com\">stb.Animation@orange.fr<\/a><\/b><\/p>\n<h2 style=\"text-align: justify;\">COORDONN\u00c9ES<\/h2>\n<table class=\"tableau_contacts\">\n<tbody>\n<tr>\n<td><strong>Adresse postale<br \/>\n(si\u00e8ge social)<\/strong><\/td>\n<td>S.T.B<br \/>\n26 rue des vignerons<br \/>\n25000 Besan\u00e7on<\/td>\n<\/tr>\n<\/tbody>\n<\/table>\n","protected":false},"excerpt":{"rendered":"<p>La Soci\u00e9t\u00e9 de Tir de Besan\u00e7on est n\u00e9e en 2003 de la fusion des 4 clubs civils qui cohabitaient jusqu\u2019alors dans la capitale de franche-comt\u00e9. Cette fusion a permis de mutualiser les moyens et locaux dont disposaient chacun des clubs, et surtout de mener \u00e0 bien aupr\u00e8s des autorit\u00e9s administratives locales des dossiers visant au&hellip; <br \/> <a class=\"button small blue\" href=\"https:\/\/stbesancon.fr\/?page_id=58\">Lire la suite<\/a><\/p>\n","protected":false},"author":1,"featured_media":96,"parent":0,"menu_order":0,"comment_status":"closed","ping_status":"closed","template":"","meta":[],"yoast_head":"<!-- This site is optimized with the Yoast SEO plugin v20.6 - https:\/\/yoast.com\/wordpress\/plugins\/seo\/ -->\n<title>LE CLUB - Soci\u00e9t\u00e9 de Tir de Besan\u00e7on<\/title>\n<meta name=\"robots\" content=\"index, follow, max-snippet:-1, max-image-preview:large, max-video-preview:-1\" \/>\n<link rel=\"canonical\" href=\"https:\/\/stbesancon.fr\/?page_id=58\" \/>\n<meta property=\"og:locale\" content=\"fr_FR\" \/>\n<meta property=\"og:type\" content=\"article\" \/>\n<meta property=\"og:title\" content=\"LE CLUB - Soci\u00e9t\u00e9 de Tir de Besan\u00e7on\" \/>\n<meta property=\"og:description\" content=\"La Soci\u00e9t\u00e9 de Tir de Besan\u00e7on est n\u00e9e en 2003 de la fusion des 4 clubs civils qui cohabitaient jusqu\u2019alors dans la capitale de franche-comt\u00e9. Cette fusion a permis de mutualiser les moyens et locaux dont disposaient chacun des clubs, et surtout de mener \u00e0 bien aupr\u00e8s des autorit\u00e9s administratives locales des dossiers visant au&hellip; Lire la suite\" \/>\n<meta property=\"og:url\" content=\"https:\/\/stbesancon.fr\/?page_id=58\" \/>\n<meta property=\"og:site_name\" content=\"Soci\u00e9t\u00e9 de Tir de Besan\u00e7on\" \/>\n<meta property=\"article:modified_time\" content=\"2024-12-02T15:52:41+00:00\" \/>\n<meta property=\"og:image\" content=\"https:\/\/stbesancon.fr\/wp-content\/uploads\/2017\/10\/IMG_25102-1-1.jpg\" \/>\n\t<meta property=\"og:image:width\" content=\"1920\" \/>\n\t<meta property=\"og:image:height\" content=\"1080\" \/>\n\t<meta property=\"og:image:type\" content=\"image\/jpeg\" \/>\n<meta name=\"twitter:card\" content=\"summary_large_image\" \/>\n<meta name=\"twitter:label1\" content=\"Dur\u00e9e de lecture estim\u00e9e\" \/>\n\t<meta name=\"twitter:data1\" content=\"3 minutes\" \/>\n<script type=\"application\/ld+json\" class=\"yoast-schema-graph\">{\"@context\":\"https:\/\/schema.org\",\"@graph\":[{\"@type\":\"WebPage\",\"@id\":\"https:\/\/stbesancon.fr\/?page_id=58\",\"url\":\"https:\/\/stbesancon.fr\/?page_id=58\",\"name\":\"LE CLUB - Soci\u00e9t\u00e9 de Tir de Besan\u00e7on\",\"isPartOf\":{\"@id\":\"https:\/\/stbesancon.fr\/#website\"},\"datePublished\":\"2017-10-26T19:41:51+00:00\",\"dateModified\":\"2024-12-02T15:52:41+00:00\",\"breadcrumb\":{\"@id\":\"https:\/\/stbesancon.fr\/?page_id=58#breadcrumb\"},\"inLanguage\":\"fr-FR\",\"potentialAction\":[{\"@type\":\"ReadAction\",\"target\":[\"https:\/\/stbesancon.fr\/?page_id=58\"]}]},{\"@type\":\"BreadcrumbList\",\"@id\":\"https:\/\/stbesancon.fr\/?page_id=58#breadcrumb\",\"itemListElement\":[{\"@type\":\"ListItem\",\"position\":1,\"name\":\"Accueil\",\"item\":\"https:\/\/stbesancon.fr\/\"},{\"@type\":\"ListItem\",\"position\":2,\"name\":\"LE CLUB\"}]},{\"@type\":\"WebSite\",\"@id\":\"https:\/\/stbesancon.fr\/#website\",\"url\":\"https:\/\/stbesancon.fr\/\",\"name\":\"Soci\u00e9t\u00e9 de Tir de Besan\u00e7on\",\"description\":\"Club de tir sportif du Grand Besan\u00e7on\",\"publisher\":{\"@id\":\"https:\/\/stbesancon.fr\/#organization\"},\"potentialAction\":[{\"@type\":\"SearchAction\",\"target\":{\"@type\":\"EntryPoint\",\"urlTemplate\":\"https:\/\/stbesancon.fr\/?s={search_term_string}\"},\"query-input\":\"required name=search_term_string\"}],\"inLanguage\":\"fr-FR\"},{\"@type\":\"Organization\",\"@id\":\"https:\/\/stbesancon.fr\/#organization\",\"name\":\"Soci\u00e9t\u00e9 de Tir de besan\u00e7on\",\"url\":\"https:\/\/stbesancon.fr\/\",\"logo\":{\"@type\":\"ImageObject\",\"inLanguage\":\"fr-FR\",\"@id\":\"https:\/\/stbesancon.fr\/#\/schema\/logo\/image\/\",\"url\":\"https:\/\/stbesancon.fr\/wp-content\/uploads\/2018\/02\/LOGOSTB2small2.png\",\"contentUrl\":\"https:\/\/stbesancon.fr\/wp-content\/uploads\/2018\/02\/LOGOSTB2small2.png\",\"width\":180,\"height\":177,\"caption\":\"Soci\u00e9t\u00e9 de Tir de besan\u00e7on\"},\"image\":{\"@id\":\"https:\/\/stbesancon.fr\/#\/schema\/logo\/image\/\"}}]}<\/script>\n<!-- \/ Yoast SEO plugin. -->","yoast_head_json":{"title":"LE CLUB - Soci\u00e9t\u00e9 de Tir de Besan\u00e7on","robots":{"index":"index","follow":"follow","max-snippet":"max-snippet:-1","max-image-preview":"max-image-preview:large","max-video-preview":"max-video-preview:-1"},"canonical":"https:\/\/stbesancon.fr\/?page_id=58","og_locale":"fr_FR","og_type":"article","og_title":"LE CLUB - Soci\u00e9t\u00e9 de Tir de Besan\u00e7on","og_description":"La Soci\u00e9t\u00e9 de Tir de Besan\u00e7on est n\u00e9e en 2003 de la fusion des 4 clubs civils qui cohabitaient jusqu\u2019alors dans la capitale de franche-comt\u00e9. Cette fusion a permis de mutualiser les moyens et locaux dont disposaient chacun des clubs, et surtout de mener \u00e0 bien aupr\u00e8s des autorit\u00e9s administratives locales des dossiers visant au&hellip; Lire la suite","og_url":"https:\/\/stbesancon.fr\/?page_id=58","og_site_name":"Soci\u00e9t\u00e9 de Tir de Besan\u00e7on","article_modified_time":"2024-12-02T15:52:41+00:00","og_image":[{"width":1920,"height":1080,"url":"https:\/\/stbesancon.fr\/wp-content\/uploads\/2017\/10\/IMG_25102-1-1.jpg","type":"image\/jpeg"}],"twitter_card":"summary_large_image","twitter_misc":{"Dur\u00e9e de lecture estim\u00e9e":"3 minutes"},"schema":{"@context":"https:\/\/schema.org","@graph":[{"@type":"WebPage","@id":"https:\/\/stbesancon.fr\/?page_id=58","url":"https:\/\/stbesancon.fr\/?page_id=58","name":"LE CLUB - Soci\u00e9t\u00e9 de Tir de Besan\u00e7on","isPartOf":{"@id":"https:\/\/stbesancon.fr\/#website"},"datePublished":"2017-10-26T19:41:51+00:00","dateModified":"2024-12-02T15:52:41+00:00","breadcrumb":{"@id":"https:\/\/stbesancon.fr\/?page_id=58#breadcrumb"},"inLanguage":"fr-FR","potentialAction":[{"@type":"ReadAction","target":["https:\/\/stbesancon.fr\/?page_id=58"]}]},{"@type":"BreadcrumbList","@id":"https:\/\/stbesancon.fr\/?page_id=58#breadcrumb","itemListElement":[{"@type":"ListItem","position":1,"name":"Accueil","item":"https:\/\/stbesancon.fr\/"},{"@type":"ListItem","position":2,"name":"LE CLUB"}]},{"@type":"WebSite","@id":"https:\/\/stbesancon.fr\/#website","url":"https:\/\/stbesancon.fr\/","name":"Soci\u00e9t\u00e9 de Tir de Besan\u00e7on","description":"Club de tir sportif du Grand Besan\u00e7on","publisher":{"@id":"https:\/\/stbesancon.fr\/#organization"},"potentialAction":[{"@type":"SearchAction","target":{"@type":"EntryPoint","urlTemplate":"https:\/\/stbesancon.fr\/?s={search_term_string}"},"query-input":"required name=search_term_string"}],"inLanguage":"fr-FR"},{"@type":"Organization","@id":"https:\/\/stbesancon.fr\/#organization","name":"Soci\u00e9t\u00e9 de Tir de besan\u00e7on","url":"https:\/\/stbesancon.fr\/","logo":{"@type":"ImageObject","inLanguage":"fr-FR","@id":"https:\/\/stbesancon.fr\/#\/schema\/logo\/image\/","url":"https:\/\/stbesancon.fr\/wp-content\/uploads\/2018\/02\/LOGOSTB2small2.png","contentUrl":"https:\/\/stbesancon.fr\/wp-content\/uploads\/2018\/02\/LOGOSTB2small2.png","width":180,"height":177,"caption":"Soci\u00e9t\u00e9 de Tir de besan\u00e7on"},"image":{"@id":"https:\/\/stbesancon.fr\/#\/schema\/logo\/image\/"}}]}},"_links":{"self":[{"href":"https:\/\/stbesancon.fr\/index.php?rest_route=\/wp\/v2\/pages\/58"}],"collection":[{"href":"https:\/\/stbesancon.fr\/index.php?rest_route=\/wp\/v2\/pages"}],"about":[{"href":"https:\/\/stbesancon.fr\/index.php?rest_route=\/wp\/v2\/types\/page"}],"author":[{"embeddable":true,"href":"https:\/\/stbesancon.fr\/index.php?rest_route=\/wp\/v2\/users\/1"}],"replies":[{"embeddable":true,"href":"https:\/\/stbesancon.fr\/index.php?rest_route=%2Fwp%2Fv2%2Fcomments&post=58"}],"version-history":[{"count":6,"href":"https:\/\/stbesancon.fr\/index.php?rest_route=\/wp\/v2\/pages\/58\/revisions"}],"predecessor-version":[{"id":2091,"href":"https:\/\/stbesancon.fr\/index.php?rest_route=\/wp\/v2\/pages\/58\/revisions\/2091"}],"wp:featuredmedia":[{"embeddable":true,"href":"https:\/\/stbesancon.fr\/index.php?rest_route=\/wp\/v2\/media\/96"}],"wp:attachment":[{"href":"https:\/\/stbesancon.fr\/index.php?rest_route=%2Fwp%2Fv2%2Fmedia&parent=58"}],"curies":[{"name":"wp","href":"https:\/\/api.w.org\/{rel}","templated":true}]}}