{"id":66,"date":"2017-10-26T21:43:34","date_gmt":"2017-10-26T19:43:34","guid":{"rendered":"http:\/\/stbesancon.fr\/?page_id=66"},"modified":"2023-06-08T19:41:13","modified_gmt":"2023-06-08T17:41:13","slug":"stand-de-chaudanne","status":"publish","type":"page","link":"https:\/\/stbesancon.fr\/?page_id=66","title":{"rendered":"STAND DE CHAUDANNE"},"content":{"rendered":"<p><span style=\"color: #ff0000;\"><strong>Fort de Chaudanne, \u00e0 Besan\u00e7on &#8211;\u00a0( Stand\u00a0 25 M &#8211; 50 M \u2013 Armes de poing + Armes d&rsquo;\u00e9paule .22lr )<\/strong><\/span><\/p>\n<p>Les pas de tir du Stand de Chaudanne sont install\u00e9s dans les anciens foss\u00e9s de ce Fort historique, au pied des murailles. 11 postes de tir \u00e0 25m y ont \u00e9t\u00e9 install\u00e9s (pas de tir couvert). Le local du Club occupe quant \u00e0 lui l&rsquo;un des fortins avanc\u00e9s du fort, et h\u00e9berge le pas de tir 50m (6 postes de tir avec tables de tir couch\u00e9). Les porte-cibles sont fournis mais chaque tireur doit apporter ses cibles (en vente sur place)\u00a0 et de quoi les fixer (punaises, agrafes&#8230;). Ce stand est en plein air&#8230;\u00e9quipez-vous donc en fonction de la m\u00e9t\u00e9o !<\/p>\n<p><span style=\"color: #ff0000;\"><strong>Le Comit\u00e9 directeur a d\u00e9cid\u00e9 \u00e0 ce jour d&rsquo;un commun accord, d&rsquo;appliquer\u00a0les recommandations du courrier\u00a0envoy\u00e9\u00a0par la\u00a0Ville de Besan\u00e7on\u00a0et sign\u00e9 par l\u2019Adjoint aux Sports.\u00a0L\u2019interdiction du tir aux armes d&rsquo;\u00e9paule de calibre sup\u00e9rieur au .22lr sur le stand de Chaudanne prend donc\u00a0effet \u00e0 ce jour.\u00a0Les personnes qui utiliseraient des armes interdites par le courrier passeront en Conseil de Discipline F\u00e9d\u00e9ral. En cas\u00a0d&rsquo;incident ou d\u2019accident,\u00a0le licenci\u00e9 ne sera pas couvert par l\u2019assurance f\u00e9d\u00e9rale.<\/strong><\/span><\/p>\n<p><strong><u>HORAIRE\u00a0 D&rsquo;OUVERTURE\u00a0 DU \u00a0STAND\u00a0<\/u><\/strong><\/p>\n<ul>\n<li style=\"list-style-type: none;\">\n<ul>\n<li><strong>LUNDI\u00a0\u00a0\u00a0\u00a0\u00a0\u00a0\u00a0\u00a0\u00a0\u00a0 \u00a0\u00a0\u00a0\u00a0\u00a0\u00a0\u00a0\u00a014h \u00e0 17h<\/strong><\/li>\n<li><strong>MERCREDI\u00a0 \u00a0 \u00a0 \u00a0 \u00a0 \u00a012h \u00e0 14h et de 14h \u00e0 17h (22 Hunter) et de <\/strong><strong>17h \u00e0 19h (sauf en hiver)<\/strong><\/li>\n<li><strong>JEUDI\u00a0\u00a0\u00a0\u00a0\u00a0\u00a0\u00a0\u00a0\u00a0\u00a0\u00a0\u00a0\u00a0\u00a0\u00a0\u00a0\u00a0\u00a0\u00a0 14h \u00e0 16h (pas de vente de munitions ni de pr\u00eat d&rsquo;armes)<\/strong><\/li>\n<li><del><strong>JEUDI\u00a0 \u00a0 \u00a0 \u00a0 \u00a0 \u00a0 \u00a0 \u00a0 \u00a0 \u00a0 17h \u00e0 19h r\u00e9serv\u00e9 Comp\u00e9titeurs 22LR<\/strong><\/del><\/li>\n<li><strong>SAMEDI\u00a0 \u00a0 \u00a0 \u00a0 \u00a0 \u00a0 \u00a0 \u00a0 09h \u00e0 12h\u00a0 \u00a0 ( Pistolet 25M, Carabine .22lr 50M, TAR 25M)\u00a0<\/strong><\/li>\n<li><strong>SAMEDI\u00a0 \u00a0 \u00a0 \u00a0 \u00a0 \u00a0 \u00a0 \u00a0 \u00a014h \u00e0 17h\u00a0 (TSV)<\/strong><\/li>\n<li><strong>DIMANCHE\u00a0 \u00a0 \u00a0 \u00a0 \u00a0 \u00a009h \u00e0 12h\u00a0 \u00a0( Pistolet 25M, Carabine .22lr 50M, TAR 25M )<\/strong><\/li>\n<\/ul>\n<\/li>\n<\/ul>\n<ul>\n<li style=\"list-style-type: none;\">\u00a0<\/li>\n<\/ul>\n<ul>\n<li style=\"list-style-type: none;\">\u00a0<\/li>\n<\/ul>\n<p><iframe loading=\"lazy\" style=\"border: 0;\" src=\"https:\/\/www.google.com\/maps\/embed?pb=!1m14!1m8!1m3!1d5418.910431332965!2d6.021751!3d47.227241!3m2!1i1024!2i768!4f13.1!3m3!1m2!1s0x478d634241b43161%3A0x8cb43eb1f7b9434b!2sChemin+du+Fort+de+Chaudanne%2C+25000+Besan%C3%A7on%2C+France!5e0!3m2!1sfr!2sus!4v1466272495092\" width=\"600\" height=\"450\" frameborder=\"0\" allowfullscreen=\"allowfullscreen\"><\/iframe><\/p>\n\n\n<div id=\"wp-block-themeisle-blocks-slider-a871945b\" class=\"wp-block-themeisle-blocks-slider glide\" data-per-view=\"1\" data-gap=\"0\" data-peek=\"0\" data-autoplay=\"true\" data-height=\"450px\" data-hide-arrows=\"false\"><div class=\"glide__track\" data-glide-el=\"track\"><div class=\"glide__slides\"><div class=\"wp-block-themeisle-blocks-slider-item-wrapper glide__slide\" tabindex=\"0\"><figure><img class=\"wp-block-themeisle-blocks-slider-item\" src=\"https:\/\/stbesancon.fr\/wp-content\/uploads\/2020\/09\/25-m-chaudanne-2019-scaled.jpg\" alt=\"\" title=\"\" data-id=\"1049\"><figcaption>sdr<\/figcaption><\/figure><\/div><div class=\"wp-block-themeisle-blocks-slider-item-wrapper glide__slide\" tabindex=\"0\"><figure><img class=\"wp-block-themeisle-blocks-slider-item\" src=\"https:\/\/stbesancon.fr\/wp-content\/uploads\/2020\/09\/435811646_380073.jpg\" alt=\"\" title=\"\" data-id=\"1050\"><\/figure><\/div><div class=\"wp-block-themeisle-blocks-slider-item-wrapper glide__slide\" tabindex=\"0\"><figure><img class=\"wp-block-themeisle-blocks-slider-item\" src=\"https:\/\/stbesancon.fr\/wp-content\/uploads\/2020\/09\/447805093_202340.jpg\" alt=\"\" title=\"\" data-id=\"1051\"><\/figure><\/div><div class=\"wp-block-themeisle-blocks-slider-item-wrapper glide__slide\" tabindex=\"0\"><figure><img class=\"wp-block-themeisle-blocks-slider-item\" src=\"https:\/\/stbesancon.fr\/wp-content\/uploads\/2020\/09\/455215766_477787.jpg\" alt=\"\" title=\"\" data-id=\"1052\"><\/figure><\/div><div class=\"wp-block-themeisle-blocks-slider-item-wrapper glide__slide\" tabindex=\"0\"><figure><img class=\"wp-block-themeisle-blocks-slider-item\" src=\"https:\/\/stbesancon.fr\/wp-content\/uploads\/2020\/09\/IMG_20180922_112640-scaled.jpg\" alt=\"\" title=\"\" data-id=\"1053\"><figcaption>sdr<\/figcaption><\/figure><\/div><div class=\"wp-block-themeisle-blocks-slider-item-wrapper glide__slide\" tabindex=\"0\"><figure><img class=\"wp-block-themeisle-blocks-slider-item\" src=\"https:\/\/stbesancon.fr\/wp-content\/uploads\/2020\/09\/IMG_20181014_101821_1_BURST003-scaled.jpg\" alt=\"\" title=\"\" data-id=\"1054\"><figcaption>bst<\/figcaption><\/figure><\/div><div class=\"wp-block-themeisle-blocks-slider-item-wrapper glide__slide\" tabindex=\"0\"><figure><img class=\"wp-block-themeisle-blocks-slider-item\" src=\"https:\/\/stbesancon.fr\/wp-content\/uploads\/2020\/09\/IMG_20181020_110528-scaled.jpg\" alt=\"\" title=\"\" data-id=\"1056\"><figcaption>cof<\/figcaption><\/figure><\/div><div class=\"wp-block-themeisle-blocks-slider-item-wrapper glide__slide\" tabindex=\"0\"><figure><img class=\"wp-block-themeisle-blocks-slider-item\" src=\"https:\/\/stbesancon.fr\/wp-content\/uploads\/2020\/09\/IMG_20181110_103544-scaled.jpg\" alt=\"\" title=\"\" data-id=\"1057\"><figcaption>cof<\/figcaption><\/figure><\/div><div class=\"wp-block-themeisle-blocks-slider-item-wrapper glide__slide\" tabindex=\"0\"><figure><img class=\"wp-block-themeisle-blocks-slider-item\" src=\"https:\/\/stbesancon.fr\/wp-content\/uploads\/2020\/09\/IMG_20181110_103559-scaled.jpg\" alt=\"\" title=\"\" data-id=\"1058\"><figcaption>cof<\/figcaption><\/figure><\/div><div class=\"wp-block-themeisle-blocks-slider-item-wrapper glide__slide\" tabindex=\"0\"><figure><img class=\"wp-block-themeisle-blocks-slider-item\" src=\"https:\/\/stbesancon.fr\/wp-content\/uploads\/2020\/09\/IMG_20181110_105134-scaled.jpg\" alt=\"\" title=\"\" data-id=\"1059\"><figcaption>cof<\/figcaption><\/figure><\/div><div class=\"wp-block-themeisle-blocks-slider-item-wrapper glide__slide\" tabindex=\"0\"><figure><img class=\"wp-block-themeisle-blocks-slider-item\" src=\"https:\/\/stbesancon.fr\/wp-content\/uploads\/2020\/09\/IMG_20181110_105142-scaled.jpg\" alt=\"\" title=\"\" data-id=\"1060\"><figcaption>cof<\/figcaption><\/figure><\/div><div class=\"wp-block-themeisle-blocks-slider-item-wrapper glide__slide\" tabindex=\"0\"><figure><img class=\"wp-block-themeisle-blocks-slider-item\" src=\"https:\/\/stbesancon.fr\/wp-content\/uploads\/2020\/09\/IMG_20181110_112158-scaled.jpg\" alt=\"\" title=\"\" data-id=\"1062\"><figcaption>sdr<\/figcaption><\/figure><\/div><div class=\"wp-block-themeisle-blocks-slider-item-wrapper glide__slide\" tabindex=\"0\"><figure><img class=\"wp-block-themeisle-blocks-slider-item\" src=\"https:\/\/stbesancon.fr\/wp-content\/uploads\/2020\/09\/IMG_20190518_152622-scaled.jpg\" alt=\"\" title=\"\" data-id=\"1063\"><figcaption>bty<\/figcaption><\/figure><\/div><div class=\"wp-block-themeisle-blocks-slider-item-wrapper glide__slide\" tabindex=\"0\"><figure><img class=\"wp-block-themeisle-blocks-slider-item\" src=\"blob:https:\/\/stbesancon.fr\/81ccc474-add4-4a93-a6bb-760b00dd35d9\"><\/figure><\/div><div class=\"wp-block-themeisle-blocks-slider-item-wrapper glide__slide\" tabindex=\"0\"><figure><img class=\"wp-block-themeisle-blocks-slider-item\" src=\"blob:https:\/\/stbesancon.fr\/01ba5f7b-9289-44de-8f96-b49380a504da\"><\/figure><\/div><\/div><div class=\"glide__bullets\" data-glide-el=\"controls[nav]\"><button class=\"glide__bullet\" data-glide-dir=\"=0\"><\/button><button class=\"glide__bullet\" data-glide-dir=\"=1\"><\/button><button class=\"glide__bullet\" data-glide-dir=\"=2\"><\/button><button class=\"glide__bullet\" data-glide-dir=\"=3\"><\/button><button class=\"glide__bullet\" data-glide-dir=\"=4\"><\/button><button class=\"glide__bullet\" data-glide-dir=\"=5\"><\/button><button class=\"glide__bullet\" data-glide-dir=\"=6\"><\/button><button class=\"glide__bullet\" data-glide-dir=\"=7\"><\/button><button class=\"glide__bullet\" data-glide-dir=\"=8\"><\/button><button class=\"glide__bullet\" data-glide-dir=\"=9\"><\/button><button class=\"glide__bullet\" data-glide-dir=\"=10\"><\/button><button class=\"glide__bullet\" data-glide-dir=\"=11\"><\/button><button class=\"glide__bullet\" data-glide-dir=\"=12\"><\/button><button class=\"glide__bullet\" data-glide-dir=\"=13\"><\/button><button class=\"glide__bullet\" data-glide-dir=\"=14\"><\/button><\/div><\/div><\/div>\n","protected":false},"excerpt":{"rendered":"<p>Fort de Chaudanne, \u00e0 Besan\u00e7on &#8211;\u00a0( Stand\u00a0 25 M &#8211; 50 M \u2013 Armes de poing + Armes d&rsquo;\u00e9paule .22lr ) Les pas de tir du Stand de Chaudanne sont install\u00e9s dans les anciens foss\u00e9s de ce Fort historique, au pied des murailles. 11 postes de tir \u00e0 25m y ont \u00e9t\u00e9 install\u00e9s (pas de&hellip; <br \/> <a class=\"button small blue\" href=\"https:\/\/stbesancon.fr\/?page_id=66\">Lire la suite<\/a><\/p>\n","protected":false},"author":1,"featured_media":0,"parent":0,"menu_order":0,"comment_status":"closed","ping_status":"closed","template":"","meta":[],"yoast_head":"<!-- This site is optimized with the Yoast SEO plugin v20.6 - https:\/\/yoast.com\/wordpress\/plugins\/seo\/ -->\n<title>STAND DE CHAUDANNE - Soci\u00e9t\u00e9 de Tir de Besan\u00e7on<\/title>\n<meta name=\"robots\" content=\"index, follow, max-snippet:-1, max-image-preview:large, max-video-preview:-1\" \/>\n<link rel=\"canonical\" href=\"https:\/\/stbesancon.fr\/?page_id=66\" \/>\n<meta property=\"og:locale\" content=\"fr_FR\" \/>\n<meta property=\"og:type\" content=\"article\" \/>\n<meta property=\"og:title\" content=\"STAND DE CHAUDANNE - Soci\u00e9t\u00e9 de Tir de Besan\u00e7on\" \/>\n<meta property=\"og:description\" content=\"Fort de Chaudanne, \u00e0 Besan\u00e7on &#8211;\u00a0( Stand\u00a0 25 M &#8211; 50 M \u2013 Armes de poing + Armes d&rsquo;\u00e9paule .22lr ) Les pas de tir du Stand de Chaudanne sont install\u00e9s dans les anciens foss\u00e9s de ce Fort historique, au pied des murailles. 11 postes de tir \u00e0 25m y ont \u00e9t\u00e9 install\u00e9s (pas de&hellip; Lire la suite\" \/>\n<meta property=\"og:url\" content=\"https:\/\/stbesancon.fr\/?page_id=66\" \/>\n<meta property=\"og:site_name\" content=\"Soci\u00e9t\u00e9 de Tir de Besan\u00e7on\" \/>\n<meta property=\"article:modified_time\" content=\"2023-06-08T17:41:13+00:00\" \/>\n<meta property=\"og:image\" content=\"http:\/\/stbesancon.fr\/wp-content\/uploads\/2020\/09\/25-m-chaudanne-2019-scaled.jpg\" \/>\n<meta name=\"twitter:card\" content=\"summary_large_image\" \/>\n<meta name=\"twitter:label1\" content=\"Dur\u00e9e de lecture estim\u00e9e\" \/>\n\t<meta name=\"twitter:data1\" content=\"5 minutes\" \/>\n<script type=\"application\/ld+json\" class=\"yoast-schema-graph\">{\"@context\":\"https:\/\/schema.org\",\"@graph\":[{\"@type\":\"WebPage\",\"@id\":\"https:\/\/stbesancon.fr\/?page_id=66\",\"url\":\"https:\/\/stbesancon.fr\/?page_id=66\",\"name\":\"STAND DE CHAUDANNE - Soci\u00e9t\u00e9 de Tir de Besan\u00e7on\",\"isPartOf\":{\"@id\":\"https:\/\/stbesancon.fr\/#website\"},\"datePublished\":\"2017-10-26T19:43:34+00:00\",\"dateModified\":\"2023-06-08T17:41:13+00:00\",\"breadcrumb\":{\"@id\":\"https:\/\/stbesancon.fr\/?page_id=66#breadcrumb\"},\"inLanguage\":\"fr-FR\",\"potentialAction\":[{\"@type\":\"ReadAction\",\"target\":[\"https:\/\/stbesancon.fr\/?page_id=66\"]}]},{\"@type\":\"BreadcrumbList\",\"@id\":\"https:\/\/stbesancon.fr\/?page_id=66#breadcrumb\",\"itemListElement\":[{\"@type\":\"ListItem\",\"position\":1,\"name\":\"Accueil\",\"item\":\"https:\/\/stbesancon.fr\/\"},{\"@type\":\"ListItem\",\"position\":2,\"name\":\"STAND DE CHAUDANNE\"}]},{\"@type\":\"WebSite\",\"@id\":\"https:\/\/stbesancon.fr\/#website\",\"url\":\"https:\/\/stbesancon.fr\/\",\"name\":\"Soci\u00e9t\u00e9 de Tir de Besan\u00e7on\",\"description\":\"Club de tir sportif du Grand Besan\u00e7on\",\"publisher\":{\"@id\":\"https:\/\/stbesancon.fr\/#organization\"},\"potentialAction\":[{\"@type\":\"SearchAction\",\"target\":{\"@type\":\"EntryPoint\",\"urlTemplate\":\"https:\/\/stbesancon.fr\/?s={search_term_string}\"},\"query-input\":\"required name=search_term_string\"}],\"inLanguage\":\"fr-FR\"},{\"@type\":\"Organization\",\"@id\":\"https:\/\/stbesancon.fr\/#organization\",\"name\":\"Soci\u00e9t\u00e9 de Tir de besan\u00e7on\",\"url\":\"https:\/\/stbesancon.fr\/\",\"logo\":{\"@type\":\"ImageObject\",\"inLanguage\":\"fr-FR\",\"@id\":\"https:\/\/stbesancon.fr\/#\/schema\/logo\/image\/\",\"url\":\"https:\/\/stbesancon.fr\/wp-content\/uploads\/2018\/02\/LOGOSTB2small2.png\",\"contentUrl\":\"https:\/\/stbesancon.fr\/wp-content\/uploads\/2018\/02\/LOGOSTB2small2.png\",\"width\":180,\"height\":177,\"caption\":\"Soci\u00e9t\u00e9 de Tir de besan\u00e7on\"},\"image\":{\"@id\":\"https:\/\/stbesancon.fr\/#\/schema\/logo\/image\/\"}}]}<\/script>\n<!-- \/ Yoast SEO plugin. -->","yoast_head_json":{"title":"STAND DE CHAUDANNE - Soci\u00e9t\u00e9 de Tir de Besan\u00e7on","robots":{"index":"index","follow":"follow","max-snippet":"max-snippet:-1","max-image-preview":"max-image-preview:large","max-video-preview":"max-video-preview:-1"},"canonical":"https:\/\/stbesancon.fr\/?page_id=66","og_locale":"fr_FR","og_type":"article","og_title":"STAND DE CHAUDANNE - Soci\u00e9t\u00e9 de Tir de Besan\u00e7on","og_description":"Fort de Chaudanne, \u00e0 Besan\u00e7on &#8211;\u00a0( Stand\u00a0 25 M &#8211; 50 M \u2013 Armes de poing + Armes d&rsquo;\u00e9paule .22lr ) Les pas de tir du Stand de Chaudanne sont install\u00e9s dans les anciens foss\u00e9s de ce Fort historique, au pied des murailles. 11 postes de tir \u00e0 25m y ont \u00e9t\u00e9 install\u00e9s (pas de&hellip; Lire la suite","og_url":"https:\/\/stbesancon.fr\/?page_id=66","og_site_name":"Soci\u00e9t\u00e9 de Tir de Besan\u00e7on","article_modified_time":"2023-06-08T17:41:13+00:00","og_image":[{"url":"http:\/\/stbesancon.fr\/wp-content\/uploads\/2020\/09\/25-m-chaudanne-2019-scaled.jpg"}],"twitter_card":"summary_large_image","twitter_misc":{"Dur\u00e9e de lecture estim\u00e9e":"5 minutes"},"schema":{"@context":"https:\/\/schema.org","@graph":[{"@type":"WebPage","@id":"https:\/\/stbesancon.fr\/?page_id=66","url":"https:\/\/stbesancon.fr\/?page_id=66","name":"STAND DE CHAUDANNE - Soci\u00e9t\u00e9 de Tir de Besan\u00e7on","isPartOf":{"@id":"https:\/\/stbesancon.fr\/#website"},"datePublished":"2017-10-26T19:43:34+00:00","dateModified":"2023-06-08T17:41:13+00:00","breadcrumb":{"@id":"https:\/\/stbesancon.fr\/?page_id=66#breadcrumb"},"inLanguage":"fr-FR","potentialAction":[{"@type":"ReadAction","target":["https:\/\/stbesancon.fr\/?page_id=66"]}]},{"@type":"BreadcrumbList","@id":"https:\/\/stbesancon.fr\/?page_id=66#breadcrumb","itemListElement":[{"@type":"ListItem","position":1,"name":"Accueil","item":"https:\/\/stbesancon.fr\/"},{"@type":"ListItem","position":2,"name":"STAND DE CHAUDANNE"}]},{"@type":"WebSite","@id":"https:\/\/stbesancon.fr\/#website","url":"https:\/\/stbesancon.fr\/","name":"Soci\u00e9t\u00e9 de Tir de Besan\u00e7on","description":"Club de tir sportif du Grand Besan\u00e7on","publisher":{"@id":"https:\/\/stbesancon.fr\/#organization"},"potentialAction":[{"@type":"SearchAction","target":{"@type":"EntryPoint","urlTemplate":"https:\/\/stbesancon.fr\/?s={search_term_string}"},"query-input":"required name=search_term_string"}],"inLanguage":"fr-FR"},{"@type":"Organization","@id":"https:\/\/stbesancon.fr\/#organization","name":"Soci\u00e9t\u00e9 de Tir de besan\u00e7on","url":"https:\/\/stbesancon.fr\/","logo":{"@type":"ImageObject","inLanguage":"fr-FR","@id":"https:\/\/stbesancon.fr\/#\/schema\/logo\/image\/","url":"https:\/\/stbesancon.fr\/wp-content\/uploads\/2018\/02\/LOGOSTB2small2.png","contentUrl":"https:\/\/stbesancon.fr\/wp-content\/uploads\/2018\/02\/LOGOSTB2small2.png","width":180,"height":177,"caption":"Soci\u00e9t\u00e9 de Tir de besan\u00e7on"},"image":{"@id":"https:\/\/stbesancon.fr\/#\/schema\/logo\/image\/"}}]}},"_links":{"self":[{"href":"https:\/\/stbesancon.fr\/index.php?rest_route=\/wp\/v2\/pages\/66"}],"collection":[{"href":"https:\/\/stbesancon.fr\/index.php?rest_route=\/wp\/v2\/pages"}],"about":[{"href":"https:\/\/stbesancon.fr\/index.php?rest_route=\/wp\/v2\/types\/page"}],"author":[{"embeddable":true,"href":"https:\/\/stbesancon.fr\/index.php?rest_route=\/wp\/v2\/users\/1"}],"replies":[{"embeddable":true,"href":"https:\/\/stbesancon.fr\/index.php?rest_route=%2Fwp%2Fv2%2Fcomments&post=66"}],"version-history":[{"count":21,"href":"https:\/\/stbesancon.fr\/index.php?rest_route=\/wp\/v2\/pages\/66\/revisions"}],"predecessor-version":[{"id":2051,"href":"https:\/\/stbesancon.fr\/index.php?rest_route=\/wp\/v2\/pages\/66\/revisions\/2051"}],"wp:attachment":[{"href":"https:\/\/stbesancon.fr\/index.php?rest_route=%2Fwp%2Fv2%2Fmedia&parent=66"}],"curies":[{"name":"wp","href":"https:\/\/api.w.org\/{rel}","templated":true}]}}