{"id":70,"date":"2017-10-26T21:44:10","date_gmt":"2017-10-26T19:44:10","guid":{"rendered":"http:\/\/stbesancon.fr\/?page_id=70"},"modified":"2024-04-02T13:07:51","modified_gmt":"2024-04-02T11:07:51","slug":"stand-du-rosemont","status":"publish","type":"page","link":"https:\/\/stbesancon.fr\/?page_id=70","title":{"rendered":"STAND DU ROSEMONT"},"content":{"rendered":"<p><span style=\"color: #ff0000;\"><strong>Complexe Sportif du Rosemont, rue des Vignerons \u00e0 Besan\u00e7on &#8211; <\/strong><\/span><span style=\"color: #ff0000;\"><strong>( Stand&nbsp; 10 M \u2013 Air comprim\u00e9 )<\/strong><\/span><\/p>\n<p>Le stand du Rosemont est le stand le plus r\u00e9cent du Club : exclusivement d\u00e9di\u00e9 au tir \u00e0 l&rsquo;air comprim\u00e9 (10m), ce stand dispose de 20 postes de tir et est homologu\u00e9 par la FFTir pour l&rsquo;organisation de comp\u00e9titions officielles. Il est en particulier \u00e9quip\u00e9 de ciblerie vitesse (5 cibles et standard) et de cibles \u00e9lectroniques interactives connect\u00e9es. Il h\u00e9berge \u00e9galement l&rsquo;\u00e9cole de tir du club.<\/p>\n<p><span style=\"color: #ff0000;\"><strong>Le stand du Rosemont est ouvert tous les jeudis durant les vacances<\/strong><\/span><\/p>\n<p><span style=\"text-decoration: underline;\"><strong>HORAIRE&nbsp; D&rsquo;OUVERTURE&nbsp; DU &nbsp;STAND&nbsp;<strong>( <\/strong><\/strong><strong>&nbsp;du 1 Septembre au 15 Mars ( Sauf \u00e9cole de Tir jeunes )<\/strong><strong>&nbsp;Ouverture \u00e0 la demande du 15 Mars au 30 Juin)<\/strong><\/span><\/p>\n<ul>\n<li><strong>LUNDI &nbsp;&nbsp;&nbsp;&nbsp;&nbsp;&nbsp;&nbsp;&nbsp;&nbsp;&nbsp;&nbsp;&nbsp;&nbsp;&nbsp;&nbsp;&nbsp;&nbsp;&nbsp;&nbsp;18h \u00e0 20h&nbsp; &nbsp; ( R\u00e9serv\u00e9 Entrainement des Comp\u00e9titeurs )<\/strong><\/li>\n<li><strong>MARDI&nbsp;&nbsp;&nbsp;&nbsp;&nbsp;&nbsp;&nbsp;&nbsp;&nbsp;&nbsp;&nbsp;&nbsp;&nbsp;&nbsp;&nbsp;&nbsp;&nbsp;&nbsp; 18h \u00e0 20h<\/strong><\/li>\n<li><strong>MERCREDI&nbsp; &nbsp; &nbsp; &nbsp; &nbsp; &nbsp; &nbsp;14h \u00e0 18h&nbsp; &nbsp; ( \u00c9cole de Tir \u00ab\u00a0Jeunes\u00a0\u00bb + para-tir + handi-loisirs )<\/strong><\/li>\n<li><strong>JEUDI&nbsp;&nbsp;&nbsp;&nbsp;&nbsp;&nbsp;&nbsp;&nbsp;&nbsp;&nbsp;&nbsp;&nbsp;&nbsp;&nbsp; &nbsp;&nbsp;&nbsp;&nbsp;&nbsp;&nbsp;18h \u00e0 20h&nbsp; &nbsp; ( Ecole de Tir \u00a0\u00bb Adulte \u00a0\u00bb d\u00e9couverte)<\/strong>\n<ul>\n<li>Contactez le responsable via l&rsquo;adresse email <span style=\"text-decoration: underline;\">stb.essai@laposte.net<\/span><\/li>\n<\/ul>\n<\/li>\n<li><strong>VENDREDI&nbsp; &nbsp; &nbsp; &nbsp; &nbsp; &nbsp; &nbsp;18h \u00e0 20h<\/strong><\/li>\n<li><strong>SAMEDI&nbsp;&nbsp;&nbsp;&nbsp;&nbsp;&nbsp;&nbsp;&nbsp;&nbsp; &nbsp;&nbsp;&nbsp;&nbsp;&nbsp;&nbsp;&nbsp;10h \u00e0 12h&nbsp; &nbsp; &nbsp;( \u00c9cole de Tir \u00ab\u00a0Jeunes\u00a0\u00bb + para-tir + handi-loisirs )<\/strong><\/li>\n<li><strong><del>DIMANCHE&nbsp; &nbsp; &nbsp; &nbsp; &nbsp; &nbsp;9h \u00e0 12h<\/del>&nbsp; &nbsp; &nbsp; &nbsp;(ferm\u00e9 jusqu&rsquo;\u00e0 nouvel ordre, manque d&rsquo;ouvreurs)<\/strong><\/li>\n<\/ul>\n<p><strong>&nbsp;&nbsp;&nbsp;&nbsp;&nbsp;&nbsp;&nbsp;&nbsp;&nbsp;&nbsp;&nbsp; &nbsp;&nbsp;<\/strong><strong>* &nbsp;&nbsp;&nbsp;Sauf&nbsp; dates de r\u00e9servation du stand pour la Ligue de TIR &nbsp;de Franche-Comt\u00e9<\/strong><\/p>\n<p><iframe loading=\"lazy\" style=\"border: 0;\" src=\"https:\/\/www.google.com\/maps\/embed?pb=!1m18!1m12!1m3!1d2709.566760075114!2d5.988076013684765!3d47.225058784388565!2m3!1f0!2f0!3f0!3m2!1i1024!2i768!4f13.1!3m3!1m2!1s0x478d639ca136fced%3A0x2f77d270938bbf84!2s24+Rue+des+Vignerons%2C+25000+Besan%C3%A7on!5e0!3m2!1sfr!2sfr!4v1555339249163!5m2!1sfr!2sfr\" width=\"600\" height=\"450\" frameborder=\"0\" allowfullscreen=\"allowfullscreen\"><\/iframe><\/p>\n\n\n<div id=\"wp-block-themeisle-blocks-slider-dffe8006\" class=\"wp-block-themeisle-blocks-slider glide\" data-per-view=\"1\" data-gap=\"0\" data-peek=\"0\" data-autoplay=\"true\" data-height=\"485px\" data-hide-arrows=\"false\"><div class=\"glide__track\" data-glide-el=\"track\"><div class=\"glide__slides\"><div class=\"wp-block-themeisle-blocks-slider-item-wrapper glide__slide\" tabindex=\"0\"><figure><img class=\"wp-block-themeisle-blocks-slider-item\" src=\"https:\/\/stbesancon.fr\/wp-content\/uploads\/2020\/09\/IMG_20190619_173230-scaled.jpg\" alt=\"\" title=\"\" data-id=\"1040\"><figcaption>bty<\/figcaption><\/figure><\/div><div class=\"wp-block-themeisle-blocks-slider-item-wrapper glide__slide\" tabindex=\"0\"><figure><img class=\"wp-block-themeisle-blocks-slider-item\" src=\"https:\/\/stbesancon.fr\/wp-content\/uploads\/2020\/09\/received_1362540193895674-scaled.jpeg\" alt=\"\" title=\"\" data-id=\"1041\"><\/figure><\/div><div class=\"wp-block-themeisle-blocks-slider-item-wrapper glide__slide\" tabindex=\"0\"><figure><img class=\"wp-block-themeisle-blocks-slider-item\" src=\"https:\/\/stbesancon.fr\/wp-content\/uploads\/2020\/09\/IMG_20190614_215513-scaled.jpg\" alt=\"\" title=\"\" data-id=\"1039\"><figcaption>bty<\/figcaption><\/figure><\/div><div class=\"wp-block-themeisle-blocks-slider-item-wrapper glide__slide\" tabindex=\"0\"><figure><img class=\"wp-block-themeisle-blocks-slider-item\" src=\"https:\/\/stbesancon.fr\/wp-content\/uploads\/2020\/09\/IMG_20190213_192501.jpg\" alt=\"\" title=\"\" data-id=\"1038\"><\/figure><\/div><div class=\"wp-block-themeisle-blocks-slider-item-wrapper glide__slide\" tabindex=\"0\"><figure><img class=\"wp-block-themeisle-blocks-slider-item\" src=\"https:\/\/stbesancon.fr\/wp-content\/uploads\/2020\/09\/IMG_20190213_183935.jpg\" alt=\"\" title=\"\" data-id=\"1035\"><\/figure><\/div><div class=\"wp-block-themeisle-blocks-slider-item-wrapper glide__slide\" tabindex=\"0\"><figure><img class=\"wp-block-themeisle-blocks-slider-item\" src=\"https:\/\/stbesancon.fr\/wp-content\/uploads\/2020\/09\/IMG_20190614_195907-scaled.jpg\" alt=\"\" title=\"\" data-id=\"1033\"><figcaption>bty<\/figcaption><\/figure><\/div><div class=\"wp-block-themeisle-blocks-slider-item-wrapper glide__slide\" tabindex=\"0\"><figure><img class=\"wp-block-themeisle-blocks-slider-item\" src=\"https:\/\/stbesancon.fr\/wp-content\/uploads\/2020\/08\/IMG_20190213_183535.jpg\" alt=\"tir pistolet 10 m\" title=\"tir pistolet 10 m\" data-id=\"1011\"><\/figure><\/div><div class=\"wp-block-themeisle-blocks-slider-item-wrapper glide__slide\" tabindex=\"0\"><figure><img class=\"wp-block-themeisle-blocks-slider-item\" src=\"https:\/\/stbesancon.fr\/wp-content\/uploads\/2020\/09\/ecole-de-tir-STB.jpg\" alt=\"\" title=\"\" data-id=\"1030\"><\/figure><\/div><div class=\"wp-block-themeisle-blocks-slider-item-wrapper glide__slide\" tabindex=\"0\"><figure><img class=\"wp-block-themeisle-blocks-slider-item\" src=\"https:\/\/stbesancon.fr\/wp-content\/uploads\/2020\/09\/IMG_20190615_010529_203.jpg\" alt=\"\" title=\"\" data-id=\"1031\"><\/figure><\/div><div class=\"wp-block-themeisle-blocks-slider-item-wrapper glide__slide\" tabindex=\"0\"><figure><img class=\"wp-block-themeisle-blocks-slider-item\" src=\"https:\/\/stbesancon.fr\/wp-content\/uploads\/2020\/09\/IMG_20190213_183535.jpg\" alt=\"\" title=\"\" data-id=\"1029\"><\/figure><\/div><\/div><div class=\"glide__bullets\" data-glide-el=\"controls[nav]\"><button class=\"glide__bullet\" data-glide-dir=\"=0\"><\/button><button class=\"glide__bullet\" data-glide-dir=\"=1\"><\/button><button class=\"glide__bullet\" data-glide-dir=\"=2\"><\/button><button class=\"glide__bullet\" data-glide-dir=\"=3\"><\/button><button class=\"glide__bullet\" data-glide-dir=\"=4\"><\/button><button class=\"glide__bullet\" data-glide-dir=\"=5\"><\/button><button class=\"glide__bullet\" data-glide-dir=\"=6\"><\/button><button class=\"glide__bullet\" data-glide-dir=\"=7\"><\/button><button class=\"glide__bullet\" data-glide-dir=\"=8\"><\/button><button class=\"glide__bullet\" data-glide-dir=\"=9\"><\/button><\/div><\/div><\/div>\n\n\n\n<p><\/p>\n","protected":false},"excerpt":{"rendered":"<p>Complexe Sportif du Rosemont, rue des Vignerons \u00e0 Besan\u00e7on &#8211; ( Stand&nbsp; 10 M \u2013 Air comprim\u00e9 ) Le stand du Rosemont est le stand le plus r\u00e9cent du Club : exclusivement d\u00e9di\u00e9 au tir \u00e0 l&rsquo;air comprim\u00e9 (10m), ce stand dispose de 20 postes de tir et est homologu\u00e9 par la FFTir pour l&rsquo;organisation&hellip; <br \/> <a class=\"button small blue\" href=\"https:\/\/stbesancon.fr\/?page_id=70\">Lire la suite<\/a><\/p>\n","protected":false},"author":1,"featured_media":0,"parent":0,"menu_order":0,"comment_status":"closed","ping_status":"closed","template":"","meta":[],"yoast_head":"<!-- This site is optimized with the Yoast SEO plugin v20.6 - https:\/\/yoast.com\/wordpress\/plugins\/seo\/ -->\n<title>STAND DU ROSEMONT - Soci\u00e9t\u00e9 de Tir de Besan\u00e7on<\/title>\n<meta name=\"robots\" content=\"index, follow, max-snippet:-1, max-image-preview:large, max-video-preview:-1\" \/>\n<link rel=\"canonical\" href=\"https:\/\/stbesancon.fr\/?page_id=70\" \/>\n<meta property=\"og:locale\" content=\"fr_FR\" \/>\n<meta property=\"og:type\" content=\"article\" \/>\n<meta property=\"og:title\" content=\"STAND DU ROSEMONT - Soci\u00e9t\u00e9 de Tir de Besan\u00e7on\" \/>\n<meta property=\"og:description\" content=\"Complexe Sportif du Rosemont, rue des Vignerons \u00e0 Besan\u00e7on &#8211; ( Stand&nbsp; 10 M \u2013 Air comprim\u00e9 ) Le stand du Rosemont est le stand le plus r\u00e9cent du Club : exclusivement d\u00e9di\u00e9 au tir \u00e0 l&rsquo;air comprim\u00e9 (10m), ce stand dispose de 20 postes de tir et est homologu\u00e9 par la FFTir pour l&rsquo;organisation&hellip; Lire la suite\" \/>\n<meta property=\"og:url\" content=\"https:\/\/stbesancon.fr\/?page_id=70\" \/>\n<meta property=\"og:site_name\" content=\"Soci\u00e9t\u00e9 de Tir de Besan\u00e7on\" \/>\n<meta property=\"article:modified_time\" content=\"2024-04-02T11:07:51+00:00\" \/>\n<meta property=\"og:image\" content=\"http:\/\/stbesancon.fr\/wp-content\/uploads\/2020\/09\/IMG_20190619_173230-scaled.jpg\" \/>\n<meta name=\"twitter:card\" content=\"summary_large_image\" \/>\n<meta name=\"twitter:label1\" content=\"Dur\u00e9e de lecture estim\u00e9e\" \/>\n\t<meta name=\"twitter:data1\" content=\"3 minutes\" \/>\n<script type=\"application\/ld+json\" class=\"yoast-schema-graph\">{\"@context\":\"https:\/\/schema.org\",\"@graph\":[{\"@type\":\"WebPage\",\"@id\":\"https:\/\/stbesancon.fr\/?page_id=70\",\"url\":\"https:\/\/stbesancon.fr\/?page_id=70\",\"name\":\"STAND DU ROSEMONT - Soci\u00e9t\u00e9 de Tir de Besan\u00e7on\",\"isPartOf\":{\"@id\":\"https:\/\/stbesancon.fr\/#website\"},\"datePublished\":\"2017-10-26T19:44:10+00:00\",\"dateModified\":\"2024-04-02T11:07:51+00:00\",\"breadcrumb\":{\"@id\":\"https:\/\/stbesancon.fr\/?page_id=70#breadcrumb\"},\"inLanguage\":\"fr-FR\",\"potentialAction\":[{\"@type\":\"ReadAction\",\"target\":[\"https:\/\/stbesancon.fr\/?page_id=70\"]}]},{\"@type\":\"BreadcrumbList\",\"@id\":\"https:\/\/stbesancon.fr\/?page_id=70#breadcrumb\",\"itemListElement\":[{\"@type\":\"ListItem\",\"position\":1,\"name\":\"Accueil\",\"item\":\"https:\/\/stbesancon.fr\/\"},{\"@type\":\"ListItem\",\"position\":2,\"name\":\"STAND DU ROSEMONT\"}]},{\"@type\":\"WebSite\",\"@id\":\"https:\/\/stbesancon.fr\/#website\",\"url\":\"https:\/\/stbesancon.fr\/\",\"name\":\"Soci\u00e9t\u00e9 de Tir de Besan\u00e7on\",\"description\":\"Club de tir sportif du Grand Besan\u00e7on\",\"publisher\":{\"@id\":\"https:\/\/stbesancon.fr\/#organization\"},\"potentialAction\":[{\"@type\":\"SearchAction\",\"target\":{\"@type\":\"EntryPoint\",\"urlTemplate\":\"https:\/\/stbesancon.fr\/?s={search_term_string}\"},\"query-input\":\"required name=search_term_string\"}],\"inLanguage\":\"fr-FR\"},{\"@type\":\"Organization\",\"@id\":\"https:\/\/stbesancon.fr\/#organization\",\"name\":\"Soci\u00e9t\u00e9 de Tir de besan\u00e7on\",\"url\":\"https:\/\/stbesancon.fr\/\",\"logo\":{\"@type\":\"ImageObject\",\"inLanguage\":\"fr-FR\",\"@id\":\"https:\/\/stbesancon.fr\/#\/schema\/logo\/image\/\",\"url\":\"https:\/\/stbesancon.fr\/wp-content\/uploads\/2018\/02\/LOGOSTB2small2.png\",\"contentUrl\":\"https:\/\/stbesancon.fr\/wp-content\/uploads\/2018\/02\/LOGOSTB2small2.png\",\"width\":180,\"height\":177,\"caption\":\"Soci\u00e9t\u00e9 de Tir de besan\u00e7on\"},\"image\":{\"@id\":\"https:\/\/stbesancon.fr\/#\/schema\/logo\/image\/\"}}]}<\/script>\n<!-- \/ Yoast SEO plugin. -->","yoast_head_json":{"title":"STAND DU ROSEMONT - Soci\u00e9t\u00e9 de Tir de Besan\u00e7on","robots":{"index":"index","follow":"follow","max-snippet":"max-snippet:-1","max-image-preview":"max-image-preview:large","max-video-preview":"max-video-preview:-1"},"canonical":"https:\/\/stbesancon.fr\/?page_id=70","og_locale":"fr_FR","og_type":"article","og_title":"STAND DU ROSEMONT - Soci\u00e9t\u00e9 de Tir de Besan\u00e7on","og_description":"Complexe Sportif du Rosemont, rue des Vignerons \u00e0 Besan\u00e7on &#8211; ( Stand&nbsp; 10 M \u2013 Air comprim\u00e9 ) Le stand du Rosemont est le stand le plus r\u00e9cent du Club : exclusivement d\u00e9di\u00e9 au tir \u00e0 l&rsquo;air comprim\u00e9 (10m), ce stand dispose de 20 postes de tir et est homologu\u00e9 par la FFTir pour l&rsquo;organisation&hellip; Lire la suite","og_url":"https:\/\/stbesancon.fr\/?page_id=70","og_site_name":"Soci\u00e9t\u00e9 de Tir de Besan\u00e7on","article_modified_time":"2024-04-02T11:07:51+00:00","og_image":[{"url":"http:\/\/stbesancon.fr\/wp-content\/uploads\/2020\/09\/IMG_20190619_173230-scaled.jpg"}],"twitter_card":"summary_large_image","twitter_misc":{"Dur\u00e9e de lecture estim\u00e9e":"3 minutes"},"schema":{"@context":"https:\/\/schema.org","@graph":[{"@type":"WebPage","@id":"https:\/\/stbesancon.fr\/?page_id=70","url":"https:\/\/stbesancon.fr\/?page_id=70","name":"STAND DU ROSEMONT - Soci\u00e9t\u00e9 de Tir de Besan\u00e7on","isPartOf":{"@id":"https:\/\/stbesancon.fr\/#website"},"datePublished":"2017-10-26T19:44:10+00:00","dateModified":"2024-04-02T11:07:51+00:00","breadcrumb":{"@id":"https:\/\/stbesancon.fr\/?page_id=70#breadcrumb"},"inLanguage":"fr-FR","potentialAction":[{"@type":"ReadAction","target":["https:\/\/stbesancon.fr\/?page_id=70"]}]},{"@type":"BreadcrumbList","@id":"https:\/\/stbesancon.fr\/?page_id=70#breadcrumb","itemListElement":[{"@type":"ListItem","position":1,"name":"Accueil","item":"https:\/\/stbesancon.fr\/"},{"@type":"ListItem","position":2,"name":"STAND DU ROSEMONT"}]},{"@type":"WebSite","@id":"https:\/\/stbesancon.fr\/#website","url":"https:\/\/stbesancon.fr\/","name":"Soci\u00e9t\u00e9 de Tir de Besan\u00e7on","description":"Club de tir sportif du Grand Besan\u00e7on","publisher":{"@id":"https:\/\/stbesancon.fr\/#organization"},"potentialAction":[{"@type":"SearchAction","target":{"@type":"EntryPoint","urlTemplate":"https:\/\/stbesancon.fr\/?s={search_term_string}"},"query-input":"required name=search_term_string"}],"inLanguage":"fr-FR"},{"@type":"Organization","@id":"https:\/\/stbesancon.fr\/#organization","name":"Soci\u00e9t\u00e9 de Tir de besan\u00e7on","url":"https:\/\/stbesancon.fr\/","logo":{"@type":"ImageObject","inLanguage":"fr-FR","@id":"https:\/\/stbesancon.fr\/#\/schema\/logo\/image\/","url":"https:\/\/stbesancon.fr\/wp-content\/uploads\/2018\/02\/LOGOSTB2small2.png","contentUrl":"https:\/\/stbesancon.fr\/wp-content\/uploads\/2018\/02\/LOGOSTB2small2.png","width":180,"height":177,"caption":"Soci\u00e9t\u00e9 de Tir de besan\u00e7on"},"image":{"@id":"https:\/\/stbesancon.fr\/#\/schema\/logo\/image\/"}}]}},"_links":{"self":[{"href":"https:\/\/stbesancon.fr\/index.php?rest_route=\/wp\/v2\/pages\/70"}],"collection":[{"href":"https:\/\/stbesancon.fr\/index.php?rest_route=\/wp\/v2\/pages"}],"about":[{"href":"https:\/\/stbesancon.fr\/index.php?rest_route=\/wp\/v2\/types\/page"}],"author":[{"embeddable":true,"href":"https:\/\/stbesancon.fr\/index.php?rest_route=\/wp\/v2\/users\/1"}],"replies":[{"embeddable":true,"href":"https:\/\/stbesancon.fr\/index.php?rest_route=%2Fwp%2Fv2%2Fcomments&post=70"}],"version-history":[{"count":19,"href":"https:\/\/stbesancon.fr\/index.php?rest_route=\/wp\/v2\/pages\/70\/revisions"}],"predecessor-version":[{"id":2161,"href":"https:\/\/stbesancon.fr\/index.php?rest_route=\/wp\/v2\/pages\/70\/revisions\/2161"}],"wp:attachment":[{"href":"https:\/\/stbesancon.fr\/index.php?rest_route=%2Fwp%2Fv2%2Fmedia&parent=70"}],"curies":[{"name":"wp","href":"https:\/\/api.w.org\/{rel}","templated":true}]}}