{"id":72,"date":"2017-10-26T21:44:55","date_gmt":"2017-10-26T19:44:55","guid":{"rendered":"http:\/\/stbesancon.fr\/?page_id=72"},"modified":"2025-01-14T14:40:28","modified_gmt":"2025-01-14T13:40:28","slug":"adherer_societe_de_tir_besancon","status":"publish","type":"page","link":"https:\/\/stbesancon.fr\/?page_id=72","title":{"rendered":"TARIFS &#038; ADH\u00c9SION 2024-2025"},"content":{"rendered":"<p style=\"text-align: center;\"><strong><span style=\"font-size: 18px; font-family: 'Source Sans Pro', sans-serif;\">LICENCE ADULTE : <\/span><span style=\"font-size: 18px; font-family: 'Source Sans Pro', sans-serif; color: #ff0000;\">160\u20ac<\/span><\/strong><\/p>\n<p style=\"text-align: center;\"><strong><span style=\"font-size: 18px; font-family: 'Source Sans Pro', sans-serif;\">LICENCE COUPLE : <\/span><span style=\"font-size: 18px; font-family: 'Source Sans Pro', sans-serif; color: #ff0000;\">250\u20ac<\/span><\/strong><\/p>\n<p style=\"text-align: center;\"><strong><span style=\"font-size: 18px; font-family: 'Source Sans Pro', sans-serif;\">LICENCE JEUNE : <\/span><span style=\"font-size: 18px; font-family: 'Source Sans Pro', sans-serif; color: #ff0000;\">90\u20ac<\/span><\/strong><\/p>\n<p style=\"text-align: center;\"><span style=\"font-size: 18px; font-family: 'Source Sans Pro', sans-serif;\"><b>ADH\u00c9SION 2e CLUB : <\/b><\/span><strong><span style=\"font-size: 18px; font-family: 'Source Sans Pro', sans-serif; color: #ff0000;\">120\u20ac<\/span><\/strong><\/p>\n<div class=\"home-section-content section_content_2\" style=\"text-align: center;\">\n<div id=\"\" class=\"panel magee-panel panel-59d12359dbac0\">\n<div><strong>\u00a0<\/strong><\/div>\n<\/div>\n<p>Un montant de 50 euros de frais de dossiers et d\u2019inscription est demand\u00e9 pour toute premi\u00e8re adh\u00e9sion, sauf pour les enfants et les adh\u00e9sions 2eme club. Pour les nouveaux adh\u00e9rents, une photo d&rsquo;identit\u00e9 suppl\u00e9mentaire est n\u00e9cessaire pour votre fiche de suivi. La licence comprend la licence FFTir, l&rsquo;adh\u00e9sion au club, et l&rsquo;assurance. Les bulletins d&rsquo;adh\u00e9sion sont \u00e9galement disponibles dans nos diff\u00e9rents stands.<\/p>\n<p><a href=\"https:\/\/stbesancon.fr\/wp-content\/uploads\/2025\/01\/Formulaire_Demande_Adhesion_2024-2025.pdf\" target=\"_blank\" rel=\"noopener\"><strong>Bulletin d&rsquo;adh\u00e9sion\u00a0 Saison 2024 \/ 2025<\/strong><\/a><\/p>\n<\/div>\n<div><\/div>\n<div><\/div>\n<div><\/div>\n<div><\/div>\n<div style=\"text-align: center;\"><span style=\"font-size: revert; color: initial;\">Comme l&rsquo;ann\u00e9e pass\u00e9e, un certificat m\u00e9dical \u00e0 jour devra \u00eatre enregistr\u00e9 dans EDEN avant toute demande de renouvellement de licence.<\/span><\/div>\n<div><\/div>\n<div><\/div>\n<div><\/div>\n<div style=\"text-align: center;\"><a href=\"https:\/\/www.fftir.org\/wp-content\/uploads\/2023\/06\/Modele-FFTir-de-Certificat-medical-2023_2024.pdf\" target=\"_self\" class=\" magee-shortcode magee-btn-normal button-j3u4ta btn-rounded btn-lg\" id=\"\">Cliquez ici pour t\u00e9l\u00e9charger le certificat m\u00e9dical<\/a><\/p>\n<\/div>\n<div><\/div>\n<h3 style=\"text-align: center;\">\u00a0<strong>S\u00c9ANCES D&rsquo;ESSAI\u00a0\u00a0<\/strong><\/h3>\n<p>Les s\u00e9ances d&rsquo;essai se font exclusivement sur rendez-vous au<a href=\"https:\/\/stbesancon.fr\/?page_id=70\"> stand du Rosemont<\/a>\u00a0 sur le cr\u00e9neau horaire de l&rsquo;\u00e9cole de tir adulte.\u00a0 Merci de nous contacter par mail \u00e0\u00a0 <b> <\/b><a style=\"font-weight: bold;\" href=\"mailto:stb.essai@laposte.net\">stb.essai@laposte.net<\/a>\u00a0afin de prendre rendez-vous .<\/p>\n<div><\/div>\n","protected":false},"excerpt":{"rendered":"<p>LICENCE ADULTE : 160\u20ac LICENCE COUPLE : 250\u20ac LICENCE JEUNE : 90\u20ac ADH\u00c9SION 2e CLUB : 120\u20ac \u00a0 Un montant de 50 euros de frais de dossiers et d\u2019inscription est demand\u00e9 pour toute premi\u00e8re adh\u00e9sion, sauf pour les enfants et les adh\u00e9sions 2eme club. Pour les nouveaux adh\u00e9rents, une photo d&rsquo;identit\u00e9 suppl\u00e9mentaire est n\u00e9cessaire pour&hellip; <br \/> <a class=\"button small blue\" href=\"https:\/\/stbesancon.fr\/?page_id=72\">Lire la suite<\/a><\/p>\n","protected":false},"author":1,"featured_media":0,"parent":0,"menu_order":0,"comment_status":"closed","ping_status":"closed","template":"","meta":[],"yoast_head":"<!-- This site is optimized with the Yoast SEO plugin v20.6 - https:\/\/yoast.com\/wordpress\/plugins\/seo\/ -->\n<title>Tir \u00e0 Besan\u00e7on - Adh\u00e9sion \u00e0 la Soci\u00e9t\u00e9 de Tir de Besan\u00e7on<\/title>\n<meta name=\"description\" content=\"Tir Sportif \u00e0 Besan\u00e7on - Toutes les informations n\u00e9cessaires \u00e0 l&#039;adh\u00e9sion \u00e0 la Soci\u00e9t\u00e9 de Tir de Besan\u00e7on : tarifs des licences de la F\u00e9d\u00e9ration Fran\u00e7aise de Tir, dossier &amp; formulaire d&#039;adh\u00e9sion , s\u00e9ances d&#039;essai ...\" \/>\n<meta name=\"robots\" content=\"index, follow, max-snippet:-1, max-image-preview:large, max-video-preview:-1\" \/>\n<link rel=\"canonical\" href=\"https:\/\/stbesancon.fr\/?page_id=72\" \/>\n<meta property=\"og:locale\" content=\"fr_FR\" \/>\n<meta property=\"og:type\" content=\"article\" \/>\n<meta property=\"og:title\" content=\"Tir \u00e0 Besan\u00e7on - Adh\u00e9sion \u00e0 la Soci\u00e9t\u00e9 de Tir de Besan\u00e7on\" \/>\n<meta property=\"og:description\" content=\"Tir Sportif \u00e0 Besan\u00e7on - Toutes les informations n\u00e9cessaires \u00e0 l&#039;adh\u00e9sion \u00e0 la Soci\u00e9t\u00e9 de Tir de Besan\u00e7on : tarifs des licences de la F\u00e9d\u00e9ration Fran\u00e7aise de Tir, dossier &amp; formulaire d&#039;adh\u00e9sion , s\u00e9ances d&#039;essai ...\" \/>\n<meta property=\"og:url\" content=\"https:\/\/stbesancon.fr\/?page_id=72\" \/>\n<meta property=\"og:site_name\" content=\"Soci\u00e9t\u00e9 de Tir de Besan\u00e7on\" \/>\n<meta property=\"article:modified_time\" content=\"2025-01-14T13:40:28+00:00\" \/>\n<meta name=\"twitter:card\" content=\"summary_large_image\" \/>\n<meta name=\"twitter:label1\" content=\"Dur\u00e9e de lecture estim\u00e9e\" \/>\n\t<meta name=\"twitter:data1\" content=\"1 minute\" \/>\n<script type=\"application\/ld+json\" class=\"yoast-schema-graph\">{\"@context\":\"https:\/\/schema.org\",\"@graph\":[{\"@type\":\"WebPage\",\"@id\":\"https:\/\/stbesancon.fr\/?page_id=72\",\"url\":\"https:\/\/stbesancon.fr\/?page_id=72\",\"name\":\"Tir \u00e0 Besan\u00e7on - Adh\u00e9sion \u00e0 la Soci\u00e9t\u00e9 de Tir de Besan\u00e7on\",\"isPartOf\":{\"@id\":\"https:\/\/stbesancon.fr\/#website\"},\"datePublished\":\"2017-10-26T19:44:55+00:00\",\"dateModified\":\"2025-01-14T13:40:28+00:00\",\"description\":\"Tir Sportif \u00e0 Besan\u00e7on - Toutes les informations n\u00e9cessaires \u00e0 l'adh\u00e9sion \u00e0 la Soci\u00e9t\u00e9 de Tir de Besan\u00e7on : tarifs des licences de la F\u00e9d\u00e9ration Fran\u00e7aise de Tir, dossier & formulaire d'adh\u00e9sion , s\u00e9ances d'essai ...\",\"breadcrumb\":{\"@id\":\"https:\/\/stbesancon.fr\/?page_id=72#breadcrumb\"},\"inLanguage\":\"fr-FR\",\"potentialAction\":[{\"@type\":\"ReadAction\",\"target\":[\"https:\/\/stbesancon.fr\/?page_id=72\"]}]},{\"@type\":\"BreadcrumbList\",\"@id\":\"https:\/\/stbesancon.fr\/?page_id=72#breadcrumb\",\"itemListElement\":[{\"@type\":\"ListItem\",\"position\":1,\"name\":\"Accueil\",\"item\":\"https:\/\/stbesancon.fr\/\"},{\"@type\":\"ListItem\",\"position\":2,\"name\":\"TARIFS &#038; ADH\u00c9SION 2024-2025\"}]},{\"@type\":\"WebSite\",\"@id\":\"https:\/\/stbesancon.fr\/#website\",\"url\":\"https:\/\/stbesancon.fr\/\",\"name\":\"Soci\u00e9t\u00e9 de Tir de Besan\u00e7on\",\"description\":\"Club de tir sportif du Grand Besan\u00e7on\",\"publisher\":{\"@id\":\"https:\/\/stbesancon.fr\/#organization\"},\"potentialAction\":[{\"@type\":\"SearchAction\",\"target\":{\"@type\":\"EntryPoint\",\"urlTemplate\":\"https:\/\/stbesancon.fr\/?s={search_term_string}\"},\"query-input\":\"required name=search_term_string\"}],\"inLanguage\":\"fr-FR\"},{\"@type\":\"Organization\",\"@id\":\"https:\/\/stbesancon.fr\/#organization\",\"name\":\"Soci\u00e9t\u00e9 de Tir de besan\u00e7on\",\"url\":\"https:\/\/stbesancon.fr\/\",\"logo\":{\"@type\":\"ImageObject\",\"inLanguage\":\"fr-FR\",\"@id\":\"https:\/\/stbesancon.fr\/#\/schema\/logo\/image\/\",\"url\":\"https:\/\/stbesancon.fr\/wp-content\/uploads\/2018\/02\/LOGOSTB2small2.png\",\"contentUrl\":\"https:\/\/stbesancon.fr\/wp-content\/uploads\/2018\/02\/LOGOSTB2small2.png\",\"width\":180,\"height\":177,\"caption\":\"Soci\u00e9t\u00e9 de Tir de besan\u00e7on\"},\"image\":{\"@id\":\"https:\/\/stbesancon.fr\/#\/schema\/logo\/image\/\"}}]}<\/script>\n<!-- \/ Yoast SEO plugin. -->","yoast_head_json":{"title":"Tir \u00e0 Besan\u00e7on - Adh\u00e9sion \u00e0 la Soci\u00e9t\u00e9 de Tir de Besan\u00e7on","description":"Tir Sportif \u00e0 Besan\u00e7on - Toutes les informations n\u00e9cessaires \u00e0 l'adh\u00e9sion \u00e0 la Soci\u00e9t\u00e9 de Tir de Besan\u00e7on : tarifs des licences de la F\u00e9d\u00e9ration Fran\u00e7aise de Tir, dossier & formulaire d'adh\u00e9sion , s\u00e9ances d'essai ...","robots":{"index":"index","follow":"follow","max-snippet":"max-snippet:-1","max-image-preview":"max-image-preview:large","max-video-preview":"max-video-preview:-1"},"canonical":"https:\/\/stbesancon.fr\/?page_id=72","og_locale":"fr_FR","og_type":"article","og_title":"Tir \u00e0 Besan\u00e7on - Adh\u00e9sion \u00e0 la Soci\u00e9t\u00e9 de Tir de Besan\u00e7on","og_description":"Tir Sportif \u00e0 Besan\u00e7on - Toutes les informations n\u00e9cessaires \u00e0 l'adh\u00e9sion \u00e0 la Soci\u00e9t\u00e9 de Tir de Besan\u00e7on : tarifs des licences de la F\u00e9d\u00e9ration Fran\u00e7aise de Tir, dossier & formulaire d'adh\u00e9sion , s\u00e9ances d'essai ...","og_url":"https:\/\/stbesancon.fr\/?page_id=72","og_site_name":"Soci\u00e9t\u00e9 de Tir de Besan\u00e7on","article_modified_time":"2025-01-14T13:40:28+00:00","twitter_card":"summary_large_image","twitter_misc":{"Dur\u00e9e de lecture estim\u00e9e":"1 minute"},"schema":{"@context":"https:\/\/schema.org","@graph":[{"@type":"WebPage","@id":"https:\/\/stbesancon.fr\/?page_id=72","url":"https:\/\/stbesancon.fr\/?page_id=72","name":"Tir \u00e0 Besan\u00e7on - Adh\u00e9sion \u00e0 la Soci\u00e9t\u00e9 de Tir de Besan\u00e7on","isPartOf":{"@id":"https:\/\/stbesancon.fr\/#website"},"datePublished":"2017-10-26T19:44:55+00:00","dateModified":"2025-01-14T13:40:28+00:00","description":"Tir Sportif \u00e0 Besan\u00e7on - Toutes les informations n\u00e9cessaires \u00e0 l'adh\u00e9sion \u00e0 la Soci\u00e9t\u00e9 de Tir de Besan\u00e7on : tarifs des licences de la F\u00e9d\u00e9ration Fran\u00e7aise de Tir, dossier & formulaire d'adh\u00e9sion , s\u00e9ances d'essai ...","breadcrumb":{"@id":"https:\/\/stbesancon.fr\/?page_id=72#breadcrumb"},"inLanguage":"fr-FR","potentialAction":[{"@type":"ReadAction","target":["https:\/\/stbesancon.fr\/?page_id=72"]}]},{"@type":"BreadcrumbList","@id":"https:\/\/stbesancon.fr\/?page_id=72#breadcrumb","itemListElement":[{"@type":"ListItem","position":1,"name":"Accueil","item":"https:\/\/stbesancon.fr\/"},{"@type":"ListItem","position":2,"name":"TARIFS &#038; ADH\u00c9SION 2024-2025"}]},{"@type":"WebSite","@id":"https:\/\/stbesancon.fr\/#website","url":"https:\/\/stbesancon.fr\/","name":"Soci\u00e9t\u00e9 de Tir de Besan\u00e7on","description":"Club de tir sportif du Grand Besan\u00e7on","publisher":{"@id":"https:\/\/stbesancon.fr\/#organization"},"potentialAction":[{"@type":"SearchAction","target":{"@type":"EntryPoint","urlTemplate":"https:\/\/stbesancon.fr\/?s={search_term_string}"},"query-input":"required name=search_term_string"}],"inLanguage":"fr-FR"},{"@type":"Organization","@id":"https:\/\/stbesancon.fr\/#organization","name":"Soci\u00e9t\u00e9 de Tir de besan\u00e7on","url":"https:\/\/stbesancon.fr\/","logo":{"@type":"ImageObject","inLanguage":"fr-FR","@id":"https:\/\/stbesancon.fr\/#\/schema\/logo\/image\/","url":"https:\/\/stbesancon.fr\/wp-content\/uploads\/2018\/02\/LOGOSTB2small2.png","contentUrl":"https:\/\/stbesancon.fr\/wp-content\/uploads\/2018\/02\/LOGOSTB2small2.png","width":180,"height":177,"caption":"Soci\u00e9t\u00e9 de Tir de besan\u00e7on"},"image":{"@id":"https:\/\/stbesancon.fr\/#\/schema\/logo\/image\/"}}]}},"_links":{"self":[{"href":"https:\/\/stbesancon.fr\/index.php?rest_route=\/wp\/v2\/pages\/72"}],"collection":[{"href":"https:\/\/stbesancon.fr\/index.php?rest_route=\/wp\/v2\/pages"}],"about":[{"href":"https:\/\/stbesancon.fr\/index.php?rest_route=\/wp\/v2\/types\/page"}],"author":[{"embeddable":true,"href":"https:\/\/stbesancon.fr\/index.php?rest_route=\/wp\/v2\/users\/1"}],"replies":[{"embeddable":true,"href":"https:\/\/stbesancon.fr\/index.php?rest_route=%2Fwp%2Fv2%2Fcomments&post=72"}],"version-history":[{"count":40,"href":"https:\/\/stbesancon.fr\/index.php?rest_route=\/wp\/v2\/pages\/72\/revisions"}],"predecessor-version":[{"id":2130,"href":"https:\/\/stbesancon.fr\/index.php?rest_route=\/wp\/v2\/pages\/72\/revisions\/2130"}],"wp:attachment":[{"href":"https:\/\/stbesancon.fr\/index.php?rest_route=%2Fwp%2Fv2%2Fmedia&parent=72"}],"curies":[{"name":"wp","href":"https:\/\/api.w.org\/{rel}","templated":true}]}}