{"id":75,"date":"2017-10-26T21:46:39","date_gmt":"2017-10-26T19:46:39","guid":{"rendered":"http:\/\/stbesancon.fr\/?page_id=75"},"modified":"2023-08-27T21:49:16","modified_gmt":"2023-08-27T19:49:16","slug":"documents-legislation","status":"publish","type":"page","link":"https:\/\/stbesancon.fr\/?page_id=75","title":{"rendered":"DOCUMENTS &#038; LEGISLATION"},"content":{"rendered":"<p style=\"text-align: center;\">Les formulaires\u00a0CERFA concernant les enregistrements et les demandes d&rsquo;autorisation de d\u00e9tention sont disponibles sur le site <a href=\"https:\/\/www.service-public.fr\/particuliers\/vosdroits\/N287\" target=\"_blank\" rel=\"noopener noreferrer\">SERVICE-PUBLIC.FR<\/a><\/p>\n<p style=\"text-align: center;\"><a href=\"https:\/\/stbesancon.fr\/wp-content\/uploads\/2017\/10\/Demande-Carnet-de-tir-1.docx\" target=\"_blank\" class=\" magee-shortcode magee-btn-normal button-ebaj93 btn-rounded btn-lg\" id=\"\"><i class=\"fa fa-file-o \"><\/i>   DEMANDE DE CARNET DE TIR <\/a><\/p>\n<p style=\"text-align: center;\">\n<p style=\"text-align: center;\">Les demandes d&rsquo;avis pr\u00e9alable (aussi appel\u00e9s \u00ab\u00a0avis vert\u00a0\u00bb) sont d\u00e9sormais \u00e0 faire directement depuis votre espace EDEN !!<\/p>\n","protected":false},"excerpt":{"rendered":"<p>Les formulaires\u00a0CERFA concernant les enregistrements et les demandes d&rsquo;autorisation de d\u00e9tention sont disponibles sur le site SERVICE-PUBLIC.FR Les demandes d&rsquo;avis pr\u00e9alable (aussi appel\u00e9s \u00ab\u00a0avis vert\u00a0\u00bb) sont d\u00e9sormais \u00e0 faire directement depuis votre espace EDEN !!<\/p>\n","protected":false},"author":1,"featured_media":0,"parent":0,"menu_order":0,"comment_status":"closed","ping_status":"closed","template":"","meta":[],"yoast_head":"<!-- This site is optimized with the Yoast SEO plugin v20.6 - https:\/\/yoast.com\/wordpress\/plugins\/seo\/ -->\n<title>DOCUMENTS &amp; LEGISLATION - Soci\u00e9t\u00e9 de Tir de Besan\u00e7on<\/title>\n<meta name=\"robots\" content=\"index, follow, max-snippet:-1, max-image-preview:large, max-video-preview:-1\" \/>\n<link rel=\"canonical\" href=\"https:\/\/stbesancon.fr\/?page_id=75\" \/>\n<meta property=\"og:locale\" content=\"fr_FR\" \/>\n<meta property=\"og:type\" content=\"article\" \/>\n<meta property=\"og:title\" content=\"DOCUMENTS &amp; LEGISLATION - Soci\u00e9t\u00e9 de Tir de Besan\u00e7on\" \/>\n<meta property=\"og:description\" content=\"Les formulaires\u00a0CERFA concernant les enregistrements et les demandes d&rsquo;autorisation de d\u00e9tention sont disponibles sur le site SERVICE-PUBLIC.FR Les demandes d&rsquo;avis pr\u00e9alable (aussi appel\u00e9s \u00ab\u00a0avis vert\u00a0\u00bb) sont d\u00e9sormais \u00e0 faire directement depuis votre espace EDEN !!\" \/>\n<meta property=\"og:url\" content=\"https:\/\/stbesancon.fr\/?page_id=75\" \/>\n<meta property=\"og:site_name\" content=\"Soci\u00e9t\u00e9 de Tir de Besan\u00e7on\" \/>\n<meta property=\"article:modified_time\" content=\"2023-08-27T19:49:16+00:00\" \/>\n<meta name=\"twitter:card\" content=\"summary_large_image\" \/>\n<meta name=\"twitter:label1\" content=\"Dur\u00e9e de lecture estim\u00e9e\" \/>\n\t<meta name=\"twitter:data1\" content=\"1 minute\" \/>\n<script type=\"application\/ld+json\" class=\"yoast-schema-graph\">{\"@context\":\"https:\/\/schema.org\",\"@graph\":[{\"@type\":\"WebPage\",\"@id\":\"https:\/\/stbesancon.fr\/?page_id=75\",\"url\":\"https:\/\/stbesancon.fr\/?page_id=75\",\"name\":\"DOCUMENTS & LEGISLATION - Soci\u00e9t\u00e9 de Tir de Besan\u00e7on\",\"isPartOf\":{\"@id\":\"https:\/\/stbesancon.fr\/#website\"},\"datePublished\":\"2017-10-26T19:46:39+00:00\",\"dateModified\":\"2023-08-27T19:49:16+00:00\",\"breadcrumb\":{\"@id\":\"https:\/\/stbesancon.fr\/?page_id=75#breadcrumb\"},\"inLanguage\":\"fr-FR\",\"potentialAction\":[{\"@type\":\"ReadAction\",\"target\":[\"https:\/\/stbesancon.fr\/?page_id=75\"]}]},{\"@type\":\"BreadcrumbList\",\"@id\":\"https:\/\/stbesancon.fr\/?page_id=75#breadcrumb\",\"itemListElement\":[{\"@type\":\"ListItem\",\"position\":1,\"name\":\"Accueil\",\"item\":\"https:\/\/stbesancon.fr\/\"},{\"@type\":\"ListItem\",\"position\":2,\"name\":\"DOCUMENTS &#038; LEGISLATION\"}]},{\"@type\":\"WebSite\",\"@id\":\"https:\/\/stbesancon.fr\/#website\",\"url\":\"https:\/\/stbesancon.fr\/\",\"name\":\"Soci\u00e9t\u00e9 de Tir de Besan\u00e7on\",\"description\":\"Club de tir sportif du Grand Besan\u00e7on\",\"publisher\":{\"@id\":\"https:\/\/stbesancon.fr\/#organization\"},\"potentialAction\":[{\"@type\":\"SearchAction\",\"target\":{\"@type\":\"EntryPoint\",\"urlTemplate\":\"https:\/\/stbesancon.fr\/?s={search_term_string}\"},\"query-input\":\"required name=search_term_string\"}],\"inLanguage\":\"fr-FR\"},{\"@type\":\"Organization\",\"@id\":\"https:\/\/stbesancon.fr\/#organization\",\"name\":\"Soci\u00e9t\u00e9 de Tir de besan\u00e7on\",\"url\":\"https:\/\/stbesancon.fr\/\",\"logo\":{\"@type\":\"ImageObject\",\"inLanguage\":\"fr-FR\",\"@id\":\"https:\/\/stbesancon.fr\/#\/schema\/logo\/image\/\",\"url\":\"https:\/\/stbesancon.fr\/wp-content\/uploads\/2018\/02\/LOGOSTB2small2.png\",\"contentUrl\":\"https:\/\/stbesancon.fr\/wp-content\/uploads\/2018\/02\/LOGOSTB2small2.png\",\"width\":180,\"height\":177,\"caption\":\"Soci\u00e9t\u00e9 de Tir de besan\u00e7on\"},\"image\":{\"@id\":\"https:\/\/stbesancon.fr\/#\/schema\/logo\/image\/\"}}]}<\/script>\n<!-- \/ Yoast SEO plugin. -->","yoast_head_json":{"title":"DOCUMENTS & LEGISLATION - Soci\u00e9t\u00e9 de Tir de Besan\u00e7on","robots":{"index":"index","follow":"follow","max-snippet":"max-snippet:-1","max-image-preview":"max-image-preview:large","max-video-preview":"max-video-preview:-1"},"canonical":"https:\/\/stbesancon.fr\/?page_id=75","og_locale":"fr_FR","og_type":"article","og_title":"DOCUMENTS & LEGISLATION - Soci\u00e9t\u00e9 de Tir de Besan\u00e7on","og_description":"Les formulaires\u00a0CERFA concernant les enregistrements et les demandes d&rsquo;autorisation de d\u00e9tention sont disponibles sur le site SERVICE-PUBLIC.FR Les demandes d&rsquo;avis pr\u00e9alable (aussi appel\u00e9s \u00ab\u00a0avis vert\u00a0\u00bb) sont d\u00e9sormais \u00e0 faire directement depuis votre espace EDEN !!","og_url":"https:\/\/stbesancon.fr\/?page_id=75","og_site_name":"Soci\u00e9t\u00e9 de Tir de Besan\u00e7on","article_modified_time":"2023-08-27T19:49:16+00:00","twitter_card":"summary_large_image","twitter_misc":{"Dur\u00e9e de lecture estim\u00e9e":"1 minute"},"schema":{"@context":"https:\/\/schema.org","@graph":[{"@type":"WebPage","@id":"https:\/\/stbesancon.fr\/?page_id=75","url":"https:\/\/stbesancon.fr\/?page_id=75","name":"DOCUMENTS & LEGISLATION - Soci\u00e9t\u00e9 de Tir de Besan\u00e7on","isPartOf":{"@id":"https:\/\/stbesancon.fr\/#website"},"datePublished":"2017-10-26T19:46:39+00:00","dateModified":"2023-08-27T19:49:16+00:00","breadcrumb":{"@id":"https:\/\/stbesancon.fr\/?page_id=75#breadcrumb"},"inLanguage":"fr-FR","potentialAction":[{"@type":"ReadAction","target":["https:\/\/stbesancon.fr\/?page_id=75"]}]},{"@type":"BreadcrumbList","@id":"https:\/\/stbesancon.fr\/?page_id=75#breadcrumb","itemListElement":[{"@type":"ListItem","position":1,"name":"Accueil","item":"https:\/\/stbesancon.fr\/"},{"@type":"ListItem","position":2,"name":"DOCUMENTS &#038; LEGISLATION"}]},{"@type":"WebSite","@id":"https:\/\/stbesancon.fr\/#website","url":"https:\/\/stbesancon.fr\/","name":"Soci\u00e9t\u00e9 de Tir de Besan\u00e7on","description":"Club de tir sportif du Grand Besan\u00e7on","publisher":{"@id":"https:\/\/stbesancon.fr\/#organization"},"potentialAction":[{"@type":"SearchAction","target":{"@type":"EntryPoint","urlTemplate":"https:\/\/stbesancon.fr\/?s={search_term_string}"},"query-input":"required name=search_term_string"}],"inLanguage":"fr-FR"},{"@type":"Organization","@id":"https:\/\/stbesancon.fr\/#organization","name":"Soci\u00e9t\u00e9 de Tir de besan\u00e7on","url":"https:\/\/stbesancon.fr\/","logo":{"@type":"ImageObject","inLanguage":"fr-FR","@id":"https:\/\/stbesancon.fr\/#\/schema\/logo\/image\/","url":"https:\/\/stbesancon.fr\/wp-content\/uploads\/2018\/02\/LOGOSTB2small2.png","contentUrl":"https:\/\/stbesancon.fr\/wp-content\/uploads\/2018\/02\/LOGOSTB2small2.png","width":180,"height":177,"caption":"Soci\u00e9t\u00e9 de Tir de besan\u00e7on"},"image":{"@id":"https:\/\/stbesancon.fr\/#\/schema\/logo\/image\/"}}]}},"_links":{"self":[{"href":"https:\/\/stbesancon.fr\/index.php?rest_route=\/wp\/v2\/pages\/75"}],"collection":[{"href":"https:\/\/stbesancon.fr\/index.php?rest_route=\/wp\/v2\/pages"}],"about":[{"href":"https:\/\/stbesancon.fr\/index.php?rest_route=\/wp\/v2\/types\/page"}],"author":[{"embeddable":true,"href":"https:\/\/stbesancon.fr\/index.php?rest_route=\/wp\/v2\/users\/1"}],"replies":[{"embeddable":true,"href":"https:\/\/stbesancon.fr\/index.php?rest_route=%2Fwp%2Fv2%2Fcomments&post=75"}],"version-history":[{"count":7,"href":"https:\/\/stbesancon.fr\/index.php?rest_route=\/wp\/v2\/pages\/75\/revisions"}],"predecessor-version":[{"id":2058,"href":"https:\/\/stbesancon.fr\/index.php?rest_route=\/wp\/v2\/pages\/75\/revisions\/2058"}],"wp:attachment":[{"href":"https:\/\/stbesancon.fr\/index.php?rest_route=%2Fwp%2Fv2%2Fmedia&parent=75"}],"curies":[{"name":"wp","href":"https:\/\/api.w.org\/{rel}","templated":true}]}}